{"id":60,"date":"2022-03-23T09:04:29","date_gmt":"2022-03-23T09:04:29","guid":{"rendered":"https:\/\/cathebakkestrom.serviceboxen.dk\/?page_id=60"},"modified":"2022-11-24T14:27:40","modified_gmt":"2022-11-24T14:27:40","slug":"om","status":"publish","type":"page","link":"https:\/\/cathebakkestrom.serviceboxen.dk\/index.php\/om\/","title":{"rendered":"Om"},"content":{"rendered":"\t\t<div data-elementor-type=\"wp-page\" data-elementor-id=\"60\" class=\"elementor elementor-60\">\n\t\t\t\t\t\t\t\t\t<section class=\"elementor-section elementor-top-section elementor-element elementor-element-29ca51f elementor-section-boxed elementor-section-height-default elementor-section-height-default\" data-id=\"29ca51f\" data-element_type=\"section\">\n\t\t\t\t\t\t<div class=\"elementor-container elementor-column-gap-default\">\n\t\t\t\t\t<div class=\"elementor-column elementor-col-100 elementor-top-column elementor-element elementor-element-8cc3bb3\" data-id=\"8cc3bb3\" data-element_type=\"column\" data-settings=\"{&quot;background_background&quot;:&quot;classic&quot;}\">\n\t\t\t<div class=\"elementor-widget-wrap elementor-element-populated\">\n\t\t\t\t\t\t\t\t<div class=\"elementor-element elementor-element-553aafe elementor-widget elementor-widget-heading\" data-id=\"553aafe\" data-element_type=\"widget\" data-widget_type=\"heading.default\">\n\t\t\t\t<div class=\"elementor-widget-container\">\n\t\t\t<style>\/*! elementor - v3.6.0 - 21-03-2022 *\/\n.elementor-heading-title{padding:0;margin:0;line-height:1}.elementor-widget-heading .elementor-heading-title[class*=elementor-size-]>a{color:inherit;font-size:inherit;line-height:inherit}.elementor-widget-heading .elementor-heading-title.elementor-size-small{font-size:15px}.elementor-widget-heading .elementor-heading-title.elementor-size-medium{font-size:19px}.elementor-widget-heading .elementor-heading-title.elementor-size-large{font-size:29px}.elementor-widget-heading .elementor-heading-title.elementor-size-xl{font-size:39px}.elementor-widget-heading .elementor-heading-title.elementor-size-xxl{font-size:59px}<\/style><h2 class=\"elementor-heading-title elementor-size-default\">Lidt om mig<\/h2>\t\t<\/div>\n\t\t\t\t<\/div>\n\t\t\t\t\t<\/div>\n\t\t<\/div>\n\t\t\t\t\t\t\t<\/div>\n\t\t<\/section>\n\t\t\t\t<section class=\"elementor-section elementor-top-section elementor-element elementor-element-5258ebf elementor-section-boxed elementor-section-height-default elementor-section-height-default\" data-id=\"5258ebf\" data-element_type=\"section\" data-settings=\"{&quot;background_background&quot;:&quot;classic&quot;}\">\n\t\t\t\t\t\t<div class=\"elementor-container elementor-column-gap-default\">\n\t\t\t\t\t<div class=\"elementor-column elementor-col-100 elementor-top-column elementor-element elementor-element-608eb1e\" data-id=\"608eb1e\" data-element_type=\"column\" data-settings=\"{&quot;background_background&quot;:&quot;classic&quot;}\">\n\t\t\t<div class=\"elementor-widget-wrap elementor-element-populated\">\n\t\t\t\t\t\t\t\t<section class=\"elementor-section elementor-inner-section elementor-element elementor-element-5d8e61f elementor-section-boxed elementor-section-height-default elementor-section-height-default\" data-id=\"5d8e61f\" data-element_type=\"section\">\n\t\t\t\t\t\t<div class=\"elementor-container elementor-column-gap-default\">\n\t\t\t\t\t<div class=\"elementor-column elementor-col-50 elementor-inner-column elementor-element elementor-element-7fdec00\" data-id=\"7fdec00\" data-element_type=\"column\">\n\t\t\t<div class=\"elementor-widget-wrap elementor-element-populated\">\n\t\t\t\t\t\t\t\t<div class=\"elementor-element elementor-element-f1a3770 elementor-widget elementor-widget-text-editor\" data-id=\"f1a3770\" data-element_type=\"widget\" data-widget_type=\"text-editor.default\">\n\t\t\t\t<div class=\"elementor-widget-container\">\n\t\t\t<style>\/*! elementor - v3.6.0 - 21-03-2022 *\/\n.elementor-widget-text-editor.elementor-drop-cap-view-stacked .elementor-drop-cap{background-color:#818a91;color:#fff}.elementor-widget-text-editor.elementor-drop-cap-view-framed .elementor-drop-cap{color:#818a91;border:3px solid;background-color:transparent}.elementor-widget-text-editor:not(.elementor-drop-cap-view-default) .elementor-drop-cap{margin-top:8px}.elementor-widget-text-editor:not(.elementor-drop-cap-view-default) .elementor-drop-cap-letter{width:1em;height:1em}.elementor-widget-text-editor .elementor-drop-cap{float:left;text-align:center;line-height:1;font-size:50px}.elementor-widget-text-editor .elementor-drop-cap-letter{display:inline-block}<\/style>\t\t\t\t<p><span style=\"font-weight: 400;\">Jeg er uddannet socialr\u00e5dgiver og har en 4-\u00e5rig psykoterapeutisk uddannelse med speciale i par- og familieterapi, MPF.<\/span><\/p><p><span style=\"font-weight: 400;\">De seneste seks \u00e5r har jeg arbejdet med individuel-, par- og familie samtaleterapi. I mit socialfaglige arbejde har jeg erfaring med udsatte og s\u00e5rbare b\u00f8rn, unge og familier samt voksne og b\u00f8rn som p\u00e5r\u00f8rende indenfor det psykiatriske omr\u00e5de.<\/span><\/p><p><span style=\"font-weight: 400;\">Gennem \u00e5rene har jeg haft en s\u00e6rlig interesse for, hvordan vi som mennesker kan forst\u00e5 os selv og hinanden, for derigennem at skabe mulighed for at udvikle os som det menneske vi er, og samtidigt turde udvikle os i relation og samspil med hinanden.<\/span><\/p><p><span style=\"font-weight: 400;\">N\u00e5r vi \u00f8nsker, og t\u00f8r at v\u00e6re nysgerrige p\u00e5 og \u00e5bne om os selv og hinanden, skaber det nye handlemuligheder og nye m\u00e5der at forst\u00e5 os selv og hinanden p\u00e5.<\/span><\/p>\t\t\t\t\t\t<\/div>\n\t\t\t\t<\/div>\n\t\t\t\t\t<\/div>\n\t\t<\/div>\n\t\t\t\t<div class=\"elementor-column elementor-col-50 elementor-inner-column elementor-element elementor-element-806e3d4\" data-id=\"806e3d4\" data-element_type=\"column\">\n\t\t\t<div class=\"elementor-widget-wrap elementor-element-populated\">\n\t\t\t\t\t\t\t\t<div class=\"elementor-element elementor-element-b9795ff elementor-widget elementor-widget-image\" data-id=\"b9795ff\" data-element_type=\"widget\" data-widget_type=\"image.default\">\n\t\t\t\t<div class=\"elementor-widget-container\">\n\t\t\t<style>\/*! elementor - v3.6.0 - 21-03-2022 *\/\n.elementor-widget-image{text-align:center}.elementor-widget-image a{display:inline-block}.elementor-widget-image a img[src$=\".svg\"]{width:48px}.elementor-widget-image img{vertical-align:middle;display:inline-block}<\/style>\t\t\t\t\t\t\t\t\t\t\t\t<img decoding=\"async\" width=\"480\" height=\"640\" src=\"https:\/\/cathebakkestrom.serviceboxen.dk\/wp-content\/uploads\/2022\/05\/image_50376705.jpg\" class=\"attachment-medium_large size-medium_large\" alt=\"\" loading=\"lazy\" srcset=\"https:\/\/cathebakkestrom.serviceboxen.dk\/wp-content\/uploads\/2022\/05\/image_50376705.jpg 480w, https:\/\/cathebakkestrom.serviceboxen.dk\/wp-content\/uploads\/2022\/05\/image_50376705-225x300.jpg 225w\" sizes=\"(max-width: 480px) 100vw, 480px\" \/>\t\t\t\t\t\t\t\t\t\t\t\t\t\t\t<\/div>\n\t\t\t\t<\/div>\n\t\t\t\t\t<\/div>\n\t\t<\/div>\n\t\t\t\t\t\t\t<\/div>\n\t\t<\/section>\n\t\t\t\t<section class=\"elementor-section elementor-inner-section elementor-element elementor-element-c61562e elementor-section-boxed elementor-section-height-default elementor-section-height-default\" data-id=\"c61562e\" data-element_type=\"section\">\n\t\t\t\t\t\t<div class=\"elementor-container elementor-column-gap-default\">\n\t\t\t\t\t<div class=\"elementor-column elementor-col-50 elementor-inner-column elementor-element elementor-element-69dd101\" data-id=\"69dd101\" data-element_type=\"column\">\n\t\t\t<div class=\"elementor-widget-wrap elementor-element-populated\">\n\t\t\t\t\t\t\t\t<div class=\"elementor-element elementor-element-6b8b8a5 elementor-widget elementor-widget-heading\" data-id=\"6b8b8a5\" data-element_type=\"widget\" data-widget_type=\"heading.default\">\n\t\t\t\t<div class=\"elementor-widget-container\">\n\t\t\t<h4 class=\"elementor-heading-title elementor-size-default\">Erfaring<\/h4>\t\t<\/div>\n\t\t\t\t<\/div>\n\t\t\t\t<div class=\"elementor-element elementor-element-d8d6be5 elementor-widget elementor-widget-text-editor\" data-id=\"d8d6be5\" data-element_type=\"widget\" data-widget_type=\"text-editor.default\">\n\t\t\t\t<div class=\"elementor-widget-container\">\n\t\t\t\t\t\t\t<ul><li style=\"font-weight: 400;\" aria-level=\"1\"><span style=\"font-weight: 400;\">Individuel, par -og familieterapi \u2013 siden 2016<\/span><\/li><li style=\"font-weight: 400;\" aria-level=\"1\"><span style=\"font-weight: 400;\">Socialfaglig konsulent, Kommune Konsulenterne \u2013 siden 2020<\/span><\/li><li style=\"font-weight: 400;\" aria-level=\"1\"><span style=\"font-weight: 400;\">Familieterapeut\/Familiebehandler, Memox \u2013 2020-2021<\/span><\/li><li style=\"font-weight: 400;\" aria-level=\"1\"><span style=\"font-weight: 400;\">Familieterapeut \u2013 Familie -og Netv\u00e6rk, \u00c5rhus Kommune \u2013 2019-2020<\/span><\/li><li style=\"font-weight: 400;\" aria-level=\"1\"><span style=\"font-weight: 400;\">Bevar Barndommen, Regionspsykiatrien Vest \u2013 2016-2019<\/span><\/li><li style=\"font-weight: 400;\" aria-level=\"1\"><span style=\"font-weight: 400;\">Familier\u00e5dgiver, Randers Kommune \u2013 2014-2016<\/span><\/li><li style=\"font-weight: 400;\" aria-level=\"1\"><span style=\"font-weight: 400;\">Forl\u00f8bskoordinator, Regionspsykiatrien v\/Psykiatriens Hus i Silkeborg \u2013 2010-2014<\/span><\/li><li style=\"font-weight: 400;\" aria-level=\"1\"><span style=\"font-weight: 400;\">Underviser og Coach, Trivselsgruppen AOF i Silkeborg \u2013 2009-2010<\/span><\/li><li style=\"font-weight: 400;\" aria-level=\"1\"><span style=\"font-weight: 400;\">Socialr\u00e5dgiver, Horsens Sygehus \u2013 2008-2009<\/span><\/li><li style=\"font-weight: 400;\" aria-level=\"1\"><span style=\"font-weight: 400;\">Familier\u00e5dgiver, Silkeborg Kommune \u2013 2002-2008<\/span><\/li><\/ul>\t\t\t\t\t\t<\/div>\n\t\t\t\t<\/div>\n\t\t\t\t\t<\/div>\n\t\t<\/div>\n\t\t\t\t<div class=\"elementor-column elementor-col-50 elementor-inner-column elementor-element elementor-element-2a33995\" data-id=\"2a33995\" data-element_type=\"column\">\n\t\t\t<div class=\"elementor-widget-wrap elementor-element-populated\">\n\t\t\t\t\t\t\t\t<div class=\"elementor-element elementor-element-c0e6940 elementor-widget elementor-widget-heading\" data-id=\"c0e6940\" data-element_type=\"widget\" data-widget_type=\"heading.default\">\n\t\t\t\t<div class=\"elementor-widget-container\">\n\t\t\t<h4 class=\"elementor-heading-title elementor-size-default\">Uddannelse<\/h4>\t\t<\/div>\n\t\t\t\t<\/div>\n\t\t\t\t<div class=\"elementor-element elementor-element-9c7131b elementor-widget elementor-widget-text-editor\" data-id=\"9c7131b\" data-element_type=\"widget\" data-widget_type=\"text-editor.default\">\n\t\t\t\t<div class=\"elementor-widget-container\">\n\t\t\t\t\t\t\t<p><span style=\"font-weight: 400;\">Jeg er uddannet Socialr\u00e5dgiver ved \u00c5lborg Universitet i \u00e5r 2001. F\u00f8r jeg tog min uddannelse som Par-, Familie-, og Psykoterapeut i 2017, har jeg taget diverse efteruddannelser inden for omr\u00e5derne b\u00f8rn, unge og psykiatri. Ved min psykoterapeutiske uddannelse specialiserede jeg mig i Par- og Familieterapi.&nbsp;<\/span><\/p>\n<ul>\n<li aria-level=\"1\"><b>Par-, Familie- og Psykoterapeut fra DFTI, MPF i 2017 \u2013 Eksamineret og certificeret<\/b><\/li><li style=\"font-weight: 400;\" aria-level=\"1\"><span style=\"font-weight: 400;\">N\u00f8gleperson, Bevar Barndommen, Regionspsykiatrien Vest, 2016<\/span><\/li>\n<li style=\"font-weight: 400;\" aria-level=\"1\"><span style=\"font-weight: 400;\">\u00c5ben Dialog uddannelsen fra CSU i 2013 \u2013 Eksamineret og certificeret<\/span><span style=\"font-weight: 400;\"><br><\/span><span style=\"font-weight: 400;\">B\u00f8rnesamtale, \u00c5rhus Kommune, 2005&nbsp;<\/span><\/li>\n<li style=\"font-weight: 400;\" aria-level=\"1\"><span style=\"font-weight: 400;\">Kempler uddannelse, i Relations og Netv\u00e6rksarbejder fra Kempler Institut 200<\/span><span style=\"font-weight: 400;\">4<\/span><\/li>\n<li style=\"font-weight: 400;\" aria-level=\"1\"><span style=\"font-weight: 400;\">B\u00f8rnesamtalen, 2004<\/span><\/li><li aria-level=\"1\"><b>Socialr\u00e5dgiver i 2001, \u00c5lborg Universitet<\/b><\/li>\n<\/ul>\t\t\t\t\t\t<\/div>\n\t\t\t\t<\/div>\n\t\t\t\t\t<\/div>\n\t\t<\/div>\n\t\t\t\t\t\t\t<\/div>\n\t\t<\/section>\n\t\t\t\t<div class=\"elementor-element elementor-element-58775dc elementor-widget elementor-widget-image\" data-id=\"58775dc\" data-element_type=\"widget\" data-widget_type=\"image.default\">\n\t\t\t\t<div class=\"elementor-widget-container\">\n\t\t\t\t\t\t\t\t\t\t\t\t\t\t\t<img decoding=\"async\" width=\"300\" height=\"199\" src=\"https:\/\/cathebakkestrom.serviceboxen.dk\/wp-content\/uploads\/2022\/07\/9-u-ramme-300x199.jpg\" class=\"attachment-medium size-medium\" alt=\"\" loading=\"lazy\" srcset=\"https:\/\/cathebakkestrom.serviceboxen.dk\/wp-content\/uploads\/2022\/07\/9-u-ramme-300x199.jpg 300w, https:\/\/cathebakkestrom.serviceboxen.dk\/wp-content\/uploads\/2022\/07\/9-u-ramme-768x509.jpg 768w, https:\/\/cathebakkestrom.serviceboxen.dk\/wp-content\/uploads\/2022\/07\/9-u-ramme.jpg 784w\" sizes=\"(max-width: 300px) 100vw, 300px\" \/>\t\t\t\t\t\t\t\t\t\t\t\t\t\t\t<\/div>\n\t\t\t\t<\/div>\n\t\t\t\t\t<\/div>\n\t\t<\/div>\n\t\t\t\t\t\t\t<\/div>\n\t\t<\/section>\n\t\t\t\t\t\t\t<\/div>\n\t\t","protected":false},"excerpt":{"rendered":"<p>Lidt om mig Jeg er uddannet socialr\u00e5dgiver og har en 4-\u00e5rig psykoterapeutisk uddannelse med speciale i par- og familieterapi, MPF. De seneste seks \u00e5r har jeg arbejdet med individuel-, par- og familie samtaleterapi. I mit socialfaglige arbejde har jeg erfaring med udsatte og s\u00e5rbare b\u00f8rn, unge og familier samt voksne og b\u00f8rn som p\u00e5r\u00f8rende indenfor &hellip;<\/p>\n<p class=\"read-more\"> <a class=\"\" href=\"https:\/\/cathebakkestrom.serviceboxen.dk\/index.php\/om\/\"> <span class=\"screen-reader-text\">Om<\/span> L\u00e6s mere &raquo;<\/a><\/p>\n","protected":false},"author":1,"featured_media":0,"parent":0,"menu_order":0,"comment_status":"closed","ping_status":"closed","template":"","meta":{"site-sidebar-layout":"no-sidebar","site-content-layout":"page-builder","ast-main-header-display":"","ast-hfb-above-header-display":"","ast-hfb-below-header-display":"","ast-hfb-mobile-header-display":"","site-post-title":"disabled","ast-breadcrumbs-content":"","ast-featured-img":"disabled","footer-sml-layout":"","theme-transparent-header-meta":"","adv-header-id-meta":"","stick-header-meta":"","header-above-stick-meta":"","header-main-stick-meta":"","header-below-stick-meta":""},"yoast_head":"<!-- This site is optimized with the Yoast SEO plugin v19.10 - https:\/\/yoast.com\/wordpress\/plugins\/seo\/ -->\n<title>Om -<\/title>\n<meta name=\"robots\" content=\"index, follow, max-snippet:-1, max-image-preview:large, max-video-preview:-1\" \/>\n<link rel=\"canonical\" href=\"https:\/\/cathebakkestrom.serviceboxen.dk\/index.php\/om\/\" \/>\n<meta property=\"og:locale\" content=\"da_DK\" \/>\n<meta property=\"og:type\" content=\"article\" \/>\n<meta property=\"og:title\" content=\"Om -\" \/>\n<meta property=\"og:description\" content=\"Lidt om mig Jeg er uddannet socialr\u00e5dgiver og har en 4-\u00e5rig psykoterapeutisk uddannelse med speciale i par- og familieterapi, MPF. De seneste seks \u00e5r har jeg arbejdet med individuel-, par- og familie samtaleterapi. I mit socialfaglige arbejde har jeg erfaring med udsatte og s\u00e5rbare b\u00f8rn, unge og familier samt voksne og b\u00f8rn som p\u00e5r\u00f8rende indenfor &hellip; Om L\u00e6s mere &raquo;\" \/>\n<meta property=\"og:url\" content=\"https:\/\/cathebakkestrom.serviceboxen.dk\/index.php\/om\/\" \/>\n<meta property=\"article:modified_time\" content=\"2022-11-24T14:27:40+00:00\" \/>\n<meta property=\"og:image\" content=\"https:\/\/cathebakkestrom.serviceboxen.dk\/wp-content\/uploads\/2022\/05\/image_50376705.jpg\" \/>\n<meta name=\"twitter:card\" content=\"summary_large_image\" \/>\n<meta name=\"twitter:label1\" content=\"Estimeret l\u00e6setid\" \/>\n\t<meta name=\"twitter:data1\" content=\"2 minutter\" \/>\n<script type=\"application\/ld+json\" class=\"yoast-schema-graph\">{\"@context\":\"https:\/\/schema.org\",\"@graph\":[{\"@type\":\"WebPage\",\"@id\":\"https:\/\/cathebakkestrom.serviceboxen.dk\/index.php\/om\/\",\"url\":\"https:\/\/cathebakkestrom.serviceboxen.dk\/index.php\/om\/\",\"name\":\"Om -\",\"isPartOf\":{\"@id\":\"https:\/\/cathebakkestrom.serviceboxen.dk\/#website\"},\"datePublished\":\"2022-03-23T09:04:29+00:00\",\"dateModified\":\"2022-11-24T14:27:40+00:00\",\"breadcrumb\":{\"@id\":\"https:\/\/cathebakkestrom.serviceboxen.dk\/index.php\/om\/#breadcrumb\"},\"inLanguage\":\"da-DK\",\"potentialAction\":[{\"@type\":\"ReadAction\",\"target\":[\"https:\/\/cathebakkestrom.serviceboxen.dk\/index.php\/om\/\"]}]},{\"@type\":\"BreadcrumbList\",\"@id\":\"https:\/\/cathebakkestrom.serviceboxen.dk\/index.php\/om\/#breadcrumb\",\"itemListElement\":[{\"@type\":\"ListItem\",\"position\":1,\"name\":\"Hjem\",\"item\":\"https:\/\/cathebakkestrom.serviceboxen.dk\/\"},{\"@type\":\"ListItem\",\"position\":2,\"name\":\"Om\"}]},{\"@type\":\"WebSite\",\"@id\":\"https:\/\/cathebakkestrom.serviceboxen.dk\/#website\",\"url\":\"https:\/\/cathebakkestrom.serviceboxen.dk\/\",\"name\":\"\",\"description\":\"K&aelig;rligheden er drivkraften\",\"potentialAction\":[{\"@type\":\"SearchAction\",\"target\":{\"@type\":\"EntryPoint\",\"urlTemplate\":\"https:\/\/cathebakkestrom.serviceboxen.dk\/?s={search_term_string}\"},\"query-input\":\"required name=search_term_string\"}],\"inLanguage\":\"da-DK\"}]}<\/script>\n<!-- \/ Yoast SEO plugin. -->","yoast_head_json":{"title":"Om -","robots":{"index":"index","follow":"follow","max-snippet":"max-snippet:-1","max-image-preview":"max-image-preview:large","max-video-preview":"max-video-preview:-1"},"canonical":"https:\/\/cathebakkestrom.serviceboxen.dk\/index.php\/om\/","og_locale":"da_DK","og_type":"article","og_title":"Om -","og_description":"Lidt om mig Jeg er uddannet socialr\u00e5dgiver og har en 4-\u00e5rig psykoterapeutisk uddannelse med speciale i par- og familieterapi, MPF. De seneste seks \u00e5r har jeg arbejdet med individuel-, par- og familie samtaleterapi. I mit socialfaglige arbejde har jeg erfaring med udsatte og s\u00e5rbare b\u00f8rn, unge og familier samt voksne og b\u00f8rn som p\u00e5r\u00f8rende indenfor &hellip; Om L\u00e6s mere &raquo;","og_url":"https:\/\/cathebakkestrom.serviceboxen.dk\/index.php\/om\/","article_modified_time":"2022-11-24T14:27:40+00:00","og_image":[{"url":"https:\/\/cathebakkestrom.serviceboxen.dk\/wp-content\/uploads\/2022\/05\/image_50376705.jpg"}],"twitter_card":"summary_large_image","twitter_misc":{"Estimeret l\u00e6setid":"2 minutter"},"schema":{"@context":"https:\/\/schema.org","@graph":[{"@type":"WebPage","@id":"https:\/\/cathebakkestrom.serviceboxen.dk\/index.php\/om\/","url":"https:\/\/cathebakkestrom.serviceboxen.dk\/index.php\/om\/","name":"Om -","isPartOf":{"@id":"https:\/\/cathebakkestrom.serviceboxen.dk\/#website"},"datePublished":"2022-03-23T09:04:29+00:00","dateModified":"2022-11-24T14:27:40+00:00","breadcrumb":{"@id":"https:\/\/cathebakkestrom.serviceboxen.dk\/index.php\/om\/#breadcrumb"},"inLanguage":"da-DK","potentialAction":[{"@type":"ReadAction","target":["https:\/\/cathebakkestrom.serviceboxen.dk\/index.php\/om\/"]}]},{"@type":"BreadcrumbList","@id":"https:\/\/cathebakkestrom.serviceboxen.dk\/index.php\/om\/#breadcrumb","itemListElement":[{"@type":"ListItem","position":1,"name":"Hjem","item":"https:\/\/cathebakkestrom.serviceboxen.dk\/"},{"@type":"ListItem","position":2,"name":"Om"}]},{"@type":"WebSite","@id":"https:\/\/cathebakkestrom.serviceboxen.dk\/#website","url":"https:\/\/cathebakkestrom.serviceboxen.dk\/","name":"","description":"K&aelig;rligheden er drivkraften","potentialAction":[{"@type":"SearchAction","target":{"@type":"EntryPoint","urlTemplate":"https:\/\/cathebakkestrom.serviceboxen.dk\/?s={search_term_string}"},"query-input":"required name=search_term_string"}],"inLanguage":"da-DK"}]}},"_links":{"self":[{"href":"https:\/\/cathebakkestrom.serviceboxen.dk\/index.php\/wp-json\/wp\/v2\/pages\/60"}],"collection":[{"href":"https:\/\/cathebakkestrom.serviceboxen.dk\/index.php\/wp-json\/wp\/v2\/pages"}],"about":[{"href":"https:\/\/cathebakkestrom.serviceboxen.dk\/index.php\/wp-json\/wp\/v2\/types\/page"}],"author":[{"embeddable":true,"href":"https:\/\/cathebakkestrom.serviceboxen.dk\/index.php\/wp-json\/wp\/v2\/users\/1"}],"replies":[{"embeddable":true,"href":"https:\/\/cathebakkestrom.serviceboxen.dk\/index.php\/wp-json\/wp\/v2\/comments?post=60"}],"version-history":[{"count":226,"href":"https:\/\/cathebakkestrom.serviceboxen.dk\/index.php\/wp-json\/wp\/v2\/pages\/60\/revisions"}],"predecessor-version":[{"id":2638,"href":"https:\/\/cathebakkestrom.serviceboxen.dk\/index.php\/wp-json\/wp\/v2\/pages\/60\/revisions\/2638"}],"wp:attachment":[{"href":"https:\/\/cathebakkestrom.serviceboxen.dk\/index.php\/wp-json\/wp\/v2\/media?parent=60"}],"curies":[{"name":"wp","href":"https:\/\/api.w.org\/{rel}","templated":true}]}}