{"id":25,"date":"2022-03-23T08:50:23","date_gmt":"2022-03-23T08:50:23","guid":{"rendered":"https:\/\/cathebakkestrom.serviceboxen.dk\/?page_id=25"},"modified":"2022-11-24T14:28:45","modified_gmt":"2022-11-24T14:28:45","slug":"kontakt","status":"publish","type":"page","link":"https:\/\/cathebakkestrom.serviceboxen.dk\/index.php\/kontakt\/","title":{"rendered":"Kontakt"},"content":{"rendered":"\t\t<div data-elementor-type=\"wp-page\" data-elementor-id=\"25\" class=\"elementor elementor-25\">\n\t\t\t\t\t\t\t\t\t<section class=\"elementor-section elementor-top-section elementor-element elementor-element-2593c60 elementor-section-boxed elementor-section-height-default elementor-section-height-default\" data-id=\"2593c60\" data-element_type=\"section\">\n\t\t\t\t\t\t<div class=\"elementor-container elementor-column-gap-default\">\n\t\t\t\t\t<div class=\"elementor-column elementor-col-100 elementor-top-column elementor-element elementor-element-a56378e\" data-id=\"a56378e\" data-element_type=\"column\">\n\t\t\t<div class=\"elementor-widget-wrap elementor-element-populated\">\n\t\t\t\t\t\t\t\t<div class=\"elementor-element elementor-element-0570f70 elementor-widget elementor-widget-heading\" data-id=\"0570f70\" data-element_type=\"widget\" data-widget_type=\"heading.default\">\n\t\t\t\t<div class=\"elementor-widget-container\">\n\t\t\t<style>\/*! elementor - v3.6.0 - 21-03-2022 *\/\n.elementor-heading-title{padding:0;margin:0;line-height:1}.elementor-widget-heading .elementor-heading-title[class*=elementor-size-]>a{color:inherit;font-size:inherit;line-height:inherit}.elementor-widget-heading .elementor-heading-title.elementor-size-small{font-size:15px}.elementor-widget-heading .elementor-heading-title.elementor-size-medium{font-size:19px}.elementor-widget-heading .elementor-heading-title.elementor-size-large{font-size:29px}.elementor-widget-heading .elementor-heading-title.elementor-size-xl{font-size:39px}.elementor-widget-heading .elementor-heading-title.elementor-size-xxl{font-size:59px}<\/style><h2 class=\"elementor-heading-title elementor-size-default\">Kontakt<\/h2>\t\t<\/div>\n\t\t\t\t<\/div>\n\t\t\t\t\t<\/div>\n\t\t<\/div>\n\t\t\t\t\t\t\t<\/div>\n\t\t<\/section>\n\t\t\t\t<section class=\"elementor-section elementor-top-section elementor-element elementor-element-d656993 elementor-section-boxed elementor-section-height-default elementor-section-height-default\" data-id=\"d656993\" data-element_type=\"section\" data-settings=\"{&quot;background_background&quot;:&quot;classic&quot;}\">\n\t\t\t\t\t\t<div class=\"elementor-container elementor-column-gap-default\">\n\t\t\t\t\t<div class=\"elementor-column elementor-col-50 elementor-top-column elementor-element elementor-element-e3e7ce2\" data-id=\"e3e7ce2\" data-element_type=\"column\" data-settings=\"{&quot;background_background&quot;:&quot;classic&quot;}\">\n\t\t\t<div class=\"elementor-widget-wrap elementor-element-populated\">\n\t\t\t\t\t\t\t\t<div class=\"elementor-element elementor-element-e24d52f elementor-widget elementor-widget-text-editor\" data-id=\"e24d52f\" data-element_type=\"widget\" data-widget_type=\"text-editor.default\">\n\t\t\t\t<div class=\"elementor-widget-container\">\n\t\t\t<style>\/*! elementor - v3.6.0 - 21-03-2022 *\/\n.elementor-widget-text-editor.elementor-drop-cap-view-stacked .elementor-drop-cap{background-color:#818a91;color:#fff}.elementor-widget-text-editor.elementor-drop-cap-view-framed .elementor-drop-cap{color:#818a91;border:3px solid;background-color:transparent}.elementor-widget-text-editor:not(.elementor-drop-cap-view-default) .elementor-drop-cap{margin-top:8px}.elementor-widget-text-editor:not(.elementor-drop-cap-view-default) .elementor-drop-cap-letter{width:1em;height:1em}.elementor-widget-text-editor .elementor-drop-cap{float:left;text-align:center;line-height:1;font-size:50px}.elementor-widget-text-editor .elementor-drop-cap-letter{display:inline-block}<\/style>\t\t\t\t\t\t\t\t\t\t<\/div>\n\t\t\t\t<\/div>\n\t\t\t\t<div class=\"elementor-element elementor-element-5b934a5 elementor-widget elementor-widget-text-editor\" data-id=\"5b934a5\" data-element_type=\"widget\" data-widget_type=\"text-editor.default\">\n\t\t\t\t<div class=\"elementor-widget-container\">\n\t\t\t\t\t\t\t<p>Du er velkommen til at kontakte mig for at h\u00f8re n\u00e6rmere om hvad jeg kan tilbyde samt en uforpligtende snak om hvilken samtale der passer til dig\/jer.<\/p>\t\t\t\t\t\t<\/div>\n\t\t\t\t<\/div>\n\t\t\t\t<div class=\"elementor-element elementor-element-a7001f0 elementor-widget elementor-widget-text-editor\" data-id=\"a7001f0\" data-element_type=\"widget\" data-widget_type=\"text-editor.default\">\n\t\t\t\t<div class=\"elementor-widget-container\">\n\t\t\t\t\t\t\t<p>Ring eller send mig en SMS p\u00e5 <br \/><strong>tlf. +45 5190 9430<\/strong><\/p><p>eller\u00a0<\/p><p>send mig en mail p\u00e5<br \/><strong>kontakt@cathebakkestrom.dk<\/strong><\/p><p>N\u00e5r vi har lavet en aftale, s\u00e5 m\u00f8des vi i min klinik p\u00e5 adressen<br \/>Vestergade 38, 1. sal,<br \/>8600 Silkeborg<\/p>\t\t\t\t\t\t<\/div>\n\t\t\t\t<\/div>\n\t\t\t\t\t<\/div>\n\t\t<\/div>\n\t\t\t\t<div class=\"elementor-column elementor-col-50 elementor-top-column elementor-element elementor-element-3ad1f3f\" data-id=\"3ad1f3f\" data-element_type=\"column\" data-settings=\"{&quot;background_background&quot;:&quot;classic&quot;}\">\n\t\t\t<div class=\"elementor-widget-wrap elementor-element-populated\">\n\t\t\t\t\t\t\t\t<div class=\"elementor-element elementor-element-eb39beb elementor-widget elementor-widget-text-editor\" data-id=\"eb39beb\" data-element_type=\"widget\" data-widget_type=\"text-editor.default\">\n\t\t\t\t<div class=\"elementor-widget-container\">\n\t\t\t\t\t\t\t\t\t\t\t\t\t<\/div>\n\t\t\t\t<\/div>\n\t\t\t\t<div class=\"elementor-element elementor-element-677c30b elementor-widget elementor-widget-image\" data-id=\"677c30b\" data-element_type=\"widget\" data-widget_type=\"image.default\">\n\t\t\t\t<div class=\"elementor-widget-container\">\n\t\t\t<style>\/*! elementor - v3.6.0 - 21-03-2022 *\/\n.elementor-widget-image{text-align:center}.elementor-widget-image a{display:inline-block}.elementor-widget-image a img[src$=\".svg\"]{width:48px}.elementor-widget-image img{vertical-align:middle;display:inline-block}<\/style>\t\t\t\t\t\t\t\t\t\t\t\t<img decoding=\"async\" width=\"532\" height=\"351\" src=\"https:\/\/cathebakkestrom.serviceboxen.dk\/wp-content\/uploads\/2022\/04\/Velkommen-maelkeboette-1.jpg\" class=\"attachment-medium_large size-medium_large\" alt=\"\" loading=\"lazy\" srcset=\"https:\/\/cathebakkestrom.serviceboxen.dk\/wp-content\/uploads\/2022\/04\/Velkommen-maelkeboette-1.jpg 532w, https:\/\/cathebakkestrom.serviceboxen.dk\/wp-content\/uploads\/2022\/04\/Velkommen-maelkeboette-1-300x198.jpg 300w\" sizes=\"(max-width: 532px) 100vw, 532px\" \/>\t\t\t\t\t\t\t\t\t\t\t\t\t\t\t<\/div>\n\t\t\t\t<\/div>\n\t\t\t\t<div class=\"elementor-element elementor-element-36a77c8 elementor-widget elementor-widget-text-editor\" data-id=\"36a77c8\" data-element_type=\"widget\" data-widget_type=\"text-editor.default\">\n\t\t\t\t<div class=\"elementor-widget-container\">\n\t\t\t\t\t\t\t<p>Jeg arbejder i henhold til Dansk Psykoterapeutforeningens etikregler og GDPR.<\/p>\t\t\t\t\t\t<\/div>\n\t\t\t\t<\/div>\n\t\t\t\t\t<\/div>\n\t\t<\/div>\n\t\t\t\t\t\t\t<\/div>\n\t\t<\/section>\n\t\t\t\t\t\t\t<\/div>\n\t\t","protected":false},"excerpt":{"rendered":"<p>Kontakt Du er velkommen til at kontakte mig for at h\u00f8re n\u00e6rmere om hvad jeg kan tilbyde samt en uforpligtende snak om hvilken samtale der passer til dig\/jer. Ring eller send mig en SMS p\u00e5 tlf. +45 5190 9430 eller\u00a0 send mig en mail p\u00e5kontakt@cathebakkestrom.dk N\u00e5r vi har lavet en aftale, s\u00e5 m\u00f8des vi i &hellip;<\/p>\n<p class=\"read-more\"> <a class=\"\" href=\"https:\/\/cathebakkestrom.serviceboxen.dk\/index.php\/kontakt\/\"> <span class=\"screen-reader-text\">Kontakt<\/span> L\u00e6s mere &raquo;<\/a><\/p>\n","protected":false},"author":1,"featured_media":0,"parent":0,"menu_order":0,"comment_status":"closed","ping_status":"closed","template":"","meta":{"site-sidebar-layout":"no-sidebar","site-content-layout":"page-builder","ast-main-header-display":"","ast-hfb-above-header-display":"","ast-hfb-below-header-display":"","ast-hfb-mobile-header-display":"","site-post-title":"disabled","ast-breadcrumbs-content":"","ast-featured-img":"disabled","footer-sml-layout":"","theme-transparent-header-meta":"","adv-header-id-meta":"","stick-header-meta":"","header-above-stick-meta":"","header-main-stick-meta":"","header-below-stick-meta":""},"yoast_head":"<!-- This site is optimized with the Yoast SEO plugin v19.10 - https:\/\/yoast.com\/wordpress\/plugins\/seo\/ -->\n<title>Kontakt -<\/title>\n<meta name=\"robots\" content=\"index, follow, max-snippet:-1, max-image-preview:large, max-video-preview:-1\" \/>\n<link rel=\"canonical\" href=\"https:\/\/cathebakkestrom.serviceboxen.dk\/index.php\/kontakt\/\" \/>\n<meta property=\"og:locale\" content=\"da_DK\" \/>\n<meta property=\"og:type\" content=\"article\" \/>\n<meta property=\"og:title\" content=\"Kontakt -\" \/>\n<meta property=\"og:description\" content=\"Kontakt Du er velkommen til at kontakte mig for at h\u00f8re n\u00e6rmere om hvad jeg kan tilbyde samt en uforpligtende snak om hvilken samtale der passer til dig\/jer. Ring eller send mig en SMS p\u00e5 tlf. +45 5190 9430 eller\u00a0 send mig en mail p\u00e5kontakt@cathebakkestrom.dk N\u00e5r vi har lavet en aftale, s\u00e5 m\u00f8des vi i &hellip; Kontakt L\u00e6s mere &raquo;\" \/>\n<meta property=\"og:url\" content=\"https:\/\/cathebakkestrom.serviceboxen.dk\/index.php\/kontakt\/\" \/>\n<meta property=\"article:modified_time\" content=\"2022-11-24T14:28:45+00:00\" \/>\n<meta property=\"og:image\" content=\"https:\/\/cathebakkestrom.serviceboxen.dk\/wp-content\/uploads\/2022\/04\/Velkommen-maelkeboette-1.jpg\" \/>\n<meta name=\"twitter:card\" content=\"summary_large_image\" \/>\n<meta name=\"twitter:label1\" content=\"Estimeret l\u00e6setid\" \/>\n\t<meta name=\"twitter:data1\" content=\"1 minut\" \/>\n<script type=\"application\/ld+json\" class=\"yoast-schema-graph\">{\"@context\":\"https:\/\/schema.org\",\"@graph\":[{\"@type\":\"WebPage\",\"@id\":\"https:\/\/cathebakkestrom.serviceboxen.dk\/index.php\/kontakt\/\",\"url\":\"https:\/\/cathebakkestrom.serviceboxen.dk\/index.php\/kontakt\/\",\"name\":\"Kontakt -\",\"isPartOf\":{\"@id\":\"https:\/\/cathebakkestrom.serviceboxen.dk\/#website\"},\"datePublished\":\"2022-03-23T08:50:23+00:00\",\"dateModified\":\"2022-11-24T14:28:45+00:00\",\"breadcrumb\":{\"@id\":\"https:\/\/cathebakkestrom.serviceboxen.dk\/index.php\/kontakt\/#breadcrumb\"},\"inLanguage\":\"da-DK\",\"potentialAction\":[{\"@type\":\"ReadAction\",\"target\":[\"https:\/\/cathebakkestrom.serviceboxen.dk\/index.php\/kontakt\/\"]}]},{\"@type\":\"BreadcrumbList\",\"@id\":\"https:\/\/cathebakkestrom.serviceboxen.dk\/index.php\/kontakt\/#breadcrumb\",\"itemListElement\":[{\"@type\":\"ListItem\",\"position\":1,\"name\":\"Hjem\",\"item\":\"https:\/\/cathebakkestrom.serviceboxen.dk\/\"},{\"@type\":\"ListItem\",\"position\":2,\"name\":\"Kontakt\"}]},{\"@type\":\"WebSite\",\"@id\":\"https:\/\/cathebakkestrom.serviceboxen.dk\/#website\",\"url\":\"https:\/\/cathebakkestrom.serviceboxen.dk\/\",\"name\":\"\",\"description\":\"K&aelig;rligheden er drivkraften\",\"potentialAction\":[{\"@type\":\"SearchAction\",\"target\":{\"@type\":\"EntryPoint\",\"urlTemplate\":\"https:\/\/cathebakkestrom.serviceboxen.dk\/?s={search_term_string}\"},\"query-input\":\"required name=search_term_string\"}],\"inLanguage\":\"da-DK\"}]}<\/script>\n<!-- \/ Yoast SEO plugin. -->","yoast_head_json":{"title":"Kontakt -","robots":{"index":"index","follow":"follow","max-snippet":"max-snippet:-1","max-image-preview":"max-image-preview:large","max-video-preview":"max-video-preview:-1"},"canonical":"https:\/\/cathebakkestrom.serviceboxen.dk\/index.php\/kontakt\/","og_locale":"da_DK","og_type":"article","og_title":"Kontakt -","og_description":"Kontakt Du er velkommen til at kontakte mig for at h\u00f8re n\u00e6rmere om hvad jeg kan tilbyde samt en uforpligtende snak om hvilken samtale der passer til dig\/jer. Ring eller send mig en SMS p\u00e5 tlf. +45 5190 9430 eller\u00a0 send mig en mail p\u00e5kontakt@cathebakkestrom.dk N\u00e5r vi har lavet en aftale, s\u00e5 m\u00f8des vi i &hellip; Kontakt L\u00e6s mere &raquo;","og_url":"https:\/\/cathebakkestrom.serviceboxen.dk\/index.php\/kontakt\/","article_modified_time":"2022-11-24T14:28:45+00:00","og_image":[{"url":"https:\/\/cathebakkestrom.serviceboxen.dk\/wp-content\/uploads\/2022\/04\/Velkommen-maelkeboette-1.jpg"}],"twitter_card":"summary_large_image","twitter_misc":{"Estimeret l\u00e6setid":"1 minut"},"schema":{"@context":"https:\/\/schema.org","@graph":[{"@type":"WebPage","@id":"https:\/\/cathebakkestrom.serviceboxen.dk\/index.php\/kontakt\/","url":"https:\/\/cathebakkestrom.serviceboxen.dk\/index.php\/kontakt\/","name":"Kontakt -","isPartOf":{"@id":"https:\/\/cathebakkestrom.serviceboxen.dk\/#website"},"datePublished":"2022-03-23T08:50:23+00:00","dateModified":"2022-11-24T14:28:45+00:00","breadcrumb":{"@id":"https:\/\/cathebakkestrom.serviceboxen.dk\/index.php\/kontakt\/#breadcrumb"},"inLanguage":"da-DK","potentialAction":[{"@type":"ReadAction","target":["https:\/\/cathebakkestrom.serviceboxen.dk\/index.php\/kontakt\/"]}]},{"@type":"BreadcrumbList","@id":"https:\/\/cathebakkestrom.serviceboxen.dk\/index.php\/kontakt\/#breadcrumb","itemListElement":[{"@type":"ListItem","position":1,"name":"Hjem","item":"https:\/\/cathebakkestrom.serviceboxen.dk\/"},{"@type":"ListItem","position":2,"name":"Kontakt"}]},{"@type":"WebSite","@id":"https:\/\/cathebakkestrom.serviceboxen.dk\/#website","url":"https:\/\/cathebakkestrom.serviceboxen.dk\/","name":"","description":"K&aelig;rligheden er drivkraften","potentialAction":[{"@type":"SearchAction","target":{"@type":"EntryPoint","urlTemplate":"https:\/\/cathebakkestrom.serviceboxen.dk\/?s={search_term_string}"},"query-input":"required name=search_term_string"}],"inLanguage":"da-DK"}]}},"_links":{"self":[{"href":"https:\/\/cathebakkestrom.serviceboxen.dk\/index.php\/wp-json\/wp\/v2\/pages\/25"}],"collection":[{"href":"https:\/\/cathebakkestrom.serviceboxen.dk\/index.php\/wp-json\/wp\/v2\/pages"}],"about":[{"href":"https:\/\/cathebakkestrom.serviceboxen.dk\/index.php\/wp-json\/wp\/v2\/types\/page"}],"author":[{"embeddable":true,"href":"https:\/\/cathebakkestrom.serviceboxen.dk\/index.php\/wp-json\/wp\/v2\/users\/1"}],"replies":[{"embeddable":true,"href":"https:\/\/cathebakkestrom.serviceboxen.dk\/index.php\/wp-json\/wp\/v2\/comments?post=25"}],"version-history":[{"count":370,"href":"https:\/\/cathebakkestrom.serviceboxen.dk\/index.php\/wp-json\/wp\/v2\/pages\/25\/revisions"}],"predecessor-version":[{"id":2641,"href":"https:\/\/cathebakkestrom.serviceboxen.dk\/index.php\/wp-json\/wp\/v2\/pages\/25\/revisions\/2641"}],"wp:attachment":[{"href":"https:\/\/cathebakkestrom.serviceboxen.dk\/index.php\/wp-json\/wp\/v2\/media?parent=25"}],"curies":[{"name":"wp","href":"https:\/\/api.w.org\/{rel}","templated":true}]}}