{"id":160,"date":"2022-03-29T08:51:23","date_gmt":"2022-03-29T08:51:23","guid":{"rendered":"https:\/\/cathebakkestrom.serviceboxen.dk\/?page_id=160"},"modified":"2022-11-24T12:27:53","modified_gmt":"2022-11-24T12:27:53","slug":"parterapi","status":"publish","type":"page","link":"https:\/\/cathebakkestrom.serviceboxen.dk\/index.php\/parterapi\/","title":{"rendered":"Parterapi"},"content":{"rendered":"\t\t<div data-elementor-type=\"wp-page\" data-elementor-id=\"160\" class=\"elementor elementor-160\">\n\t\t\t\t\t\t\t\t\t<section class=\"elementor-section elementor-top-section elementor-element elementor-element-0b59811 elementor-section-boxed elementor-section-height-default elementor-section-height-default\" data-id=\"0b59811\" data-element_type=\"section\">\n\t\t\t\t\t\t<div class=\"elementor-container elementor-column-gap-default\">\n\t\t\t\t\t<div class=\"elementor-column elementor-col-100 elementor-top-column elementor-element elementor-element-c7a4e4c\" data-id=\"c7a4e4c\" data-element_type=\"column\">\n\t\t\t<div class=\"elementor-widget-wrap elementor-element-populated\">\n\t\t\t\t\t\t\t\t<div class=\"elementor-element elementor-element-0c2f4f8 elementor-widget elementor-widget-heading\" data-id=\"0c2f4f8\" data-element_type=\"widget\" data-widget_type=\"heading.default\">\n\t\t\t\t<div class=\"elementor-widget-container\">\n\t\t\t<style>\/*! elementor - v3.6.0 - 21-03-2022 *\/\n.elementor-heading-title{padding:0;margin:0;line-height:1}.elementor-widget-heading .elementor-heading-title[class*=elementor-size-]>a{color:inherit;font-size:inherit;line-height:inherit}.elementor-widget-heading .elementor-heading-title.elementor-size-small{font-size:15px}.elementor-widget-heading .elementor-heading-title.elementor-size-medium{font-size:19px}.elementor-widget-heading .elementor-heading-title.elementor-size-large{font-size:29px}.elementor-widget-heading .elementor-heading-title.elementor-size-xl{font-size:39px}.elementor-widget-heading .elementor-heading-title.elementor-size-xxl{font-size:59px}<\/style><h2 class=\"elementor-heading-title elementor-size-default\">Parterapi <\/h2>\t\t<\/div>\n\t\t\t\t<\/div>\n\t\t\t\t\t<\/div>\n\t\t<\/div>\n\t\t\t\t\t\t\t<\/div>\n\t\t<\/section>\n\t\t\t\t<section class=\"elementor-section elementor-top-section elementor-element elementor-element-f189527 elementor-section-boxed elementor-section-height-default elementor-section-height-default\" data-id=\"f189527\" data-element_type=\"section\" data-settings=\"{&quot;background_background&quot;:&quot;classic&quot;}\">\n\t\t\t\t\t\t\t<div class=\"elementor-background-overlay\"><\/div>\n\t\t\t\t\t\t\t<div class=\"elementor-container elementor-column-gap-default\">\n\t\t\t\t\t<div class=\"elementor-column elementor-col-100 elementor-top-column elementor-element elementor-element-efa4632\" data-id=\"efa4632\" data-element_type=\"column\" data-settings=\"{&quot;background_background&quot;:&quot;classic&quot;}\">\n\t\t\t<div class=\"elementor-widget-wrap elementor-element-populated\">\n\t\t\t\t\t\t\t\t<section class=\"elementor-section elementor-inner-section elementor-element elementor-element-fee86e9 elementor-section-boxed elementor-section-height-default elementor-section-height-default\" data-id=\"fee86e9\" data-element_type=\"section\">\n\t\t\t\t\t\t<div class=\"elementor-container elementor-column-gap-default\">\n\t\t\t\t\t<div class=\"elementor-column elementor-col-50 elementor-inner-column elementor-element elementor-element-b39f09a\" data-id=\"b39f09a\" data-element_type=\"column\">\n\t\t\t<div class=\"elementor-widget-wrap elementor-element-populated\">\n\t\t\t\t\t\t\t\t<div class=\"elementor-element elementor-element-813fb9d elementor-widget elementor-widget-text-editor\" data-id=\"813fb9d\" data-element_type=\"widget\" data-widget_type=\"text-editor.default\">\n\t\t\t\t<div class=\"elementor-widget-container\">\n\t\t\t<style>\/*! elementor - v3.6.0 - 21-03-2022 *\/\n.elementor-widget-text-editor.elementor-drop-cap-view-stacked .elementor-drop-cap{background-color:#818a91;color:#fff}.elementor-widget-text-editor.elementor-drop-cap-view-framed .elementor-drop-cap{color:#818a91;border:3px solid;background-color:transparent}.elementor-widget-text-editor:not(.elementor-drop-cap-view-default) .elementor-drop-cap{margin-top:8px}.elementor-widget-text-editor:not(.elementor-drop-cap-view-default) .elementor-drop-cap-letter{width:1em;height:1em}.elementor-widget-text-editor .elementor-drop-cap{float:left;text-align:center;line-height:1;font-size:50px}.elementor-widget-text-editor .elementor-drop-cap-letter{display:inline-block}<\/style>\t\t\t\t<h4><strong>At styrke sit parforhold<\/strong><\/h4>\t\t\t\t\t\t<\/div>\n\t\t\t\t<\/div>\n\t\t\t\t<div class=\"elementor-element elementor-element-c9c76da elementor-widget elementor-widget-text-editor\" data-id=\"c9c76da\" data-element_type=\"widget\" data-widget_type=\"text-editor.default\">\n\t\t\t\t<div class=\"elementor-widget-container\">\n\t\t\t\t\t\t\t<p><span style=\"font-style: inherit; font-weight: inherit; color: var( --e-global-color-text );\">Et liv i parforhold, med eller uden b\u00f8rn, m\u00e5ske i en sammenbragt familie, er ofte ogs\u00e5 et liv med overbelastninger, konflikter og bekymringer.<\/span><strong><br><\/strong><\/p>\n<p>I parterapi hj\u00e6lper jeg jer med at f\u00e5 fokus p\u00e5 jeres problematikker. Det g\u00f8r jeg gennem samtale, s\u00e5 I opn\u00e5r st\u00f8rre forst\u00e5else for bagvedliggende motiver og frustrationer hos hver af enkelt persons handlinger<\/p>\n<p><strong>Temaerne kan v\u00e6re:<\/strong><\/p>\n<ul>\n<li>Konflikter og mistrivsel i familien<\/li>\n<li>D\u00e5rlig kommunikation og dialog<\/li>\n<li>Manglende omsorg, n\u00e6rhed og intimitet<\/li>\n<li>Tillidsbrud eks utroskab<\/li>\n<li>Tomhed<\/li>\n<li>Manglende gl\u00e6de<\/li>\n<li>Jalousi<\/li>\n<li>Den sammenbragte familie \u2013 dine, mine, vores og OS<\/li>\n<\/ul>\n<p>Der kan v\u00e6re mange \u00e5rsager til, at et par v\u00e6lger at g\u00e5 i parterapi. Det kan v\u00e6re p\u00e5 grund af kommunikations problemer, hvor den ene eller begge i parforholdet kan blive frustrerede p\u00e5 hinanden, hvor samtaler kan ende i st\u00f8rre diskussioner.&nbsp;Over tid kan disse konflikter eller kriser, hvor der m\u00e5ske er megen vrede, svigt eller tillidsbrud komme til at fylde mere end k\u00e6rligheden.<\/p>\n<p>Fastl\u00e5ste problemstillinger og l\u00e6ngerevarende sk\u00e6nderier kan f\u00f8re til, at gnisten i parforholdet forsvinder.&nbsp;<span style=\"font-style: inherit; font-weight: inherit; color: var( --e-global-color-text );\">N\u00e5r par mister kontakt og n\u00e6rhed med hinanden &#8211; handler det oftest om manglende kommunikation, hvor der ikke er gensidig n\u00e6rv\u00e6r og omsorg til at kunne lytte og v\u00e6re nysgerrig p\u00e5 at forst\u00e5 hinanden.<\/span><\/p>\n<p>Jeg kan som parterapeut hj\u00e6lpe med at overs\u00e6tte og forst\u00e5 de dynamikker som kommer i spil mellem jer.&nbsp;I terapien vil jeg gennem samtalerne, hj\u00e6lpe jer med at kigge p\u00e5 jeres egne m\u00f8nstre, det bagvedliggende og hvordan det udspiller sig i mellem jer.&nbsp;I f\u00e5r anvisninger, som anbefales at bruge til at hj\u00e6lpe\/bearbejde de udfordringer I st\u00e5r overfor.&nbsp;Parterapi bruges til at hj\u00e6lpe jer med at blive bedre til at h\u00e5ndtere de problemer, der m\u00e5tte opst\u00e5 i l\u00f8bet af jeres parforhold.<\/p>\n<p>De fleste tror, at parterapi kun kan bruges til at redde forholdet fra brud og skilsmisse. Det er dog langt fra det eneste, parterapien kan bruges til. Den kan f.eks. ogs\u00e5 bruges i starten af et forhold, hvor b\u00e5de parret og hver enkelt er bevidste eller bliver bevidst om klassiske faldgruber, i egne og i parforholdsm\u00f8nstre for at kunne udvikle sig som individ og sammen som par.&nbsp;<\/p>\n<p>Det tager tid at \u00e6ndre m\u00f8nstre og vaner. I er velkomne til at kontakte mig for en uforpligtende samtale om parterapi er noget for jer.<\/p>\t\t\t\t\t\t<\/div>\n\t\t\t\t<\/div>\n\t\t\t\t\t<\/div>\n\t\t<\/div>\n\t\t\t\t<div class=\"elementor-column elementor-col-50 elementor-inner-column elementor-element elementor-element-d9f96d2\" data-id=\"d9f96d2\" data-element_type=\"column\">\n\t\t\t<div class=\"elementor-widget-wrap elementor-element-populated\">\n\t\t\t\t\t\t\t\t<div class=\"elementor-element elementor-element-288f208 elementor-widget elementor-widget-image\" data-id=\"288f208\" data-element_type=\"widget\" data-widget_type=\"image.default\">\n\t\t\t\t<div class=\"elementor-widget-container\">\n\t\t\t<style>\/*! elementor - v3.6.0 - 21-03-2022 *\/\n.elementor-widget-image{text-align:center}.elementor-widget-image a{display:inline-block}.elementor-widget-image a img[src$=\".svg\"]{width:48px}.elementor-widget-image img{vertical-align:middle;display:inline-block}<\/style>\t\t\t\t\t\t\t\t\t\t\t\t<img decoding=\"async\" width=\"398\" height=\"261\" src=\"https:\/\/cathebakkestrom.serviceboxen.dk\/wp-content\/uploads\/2022\/04\/Hjerte-af-sten-paa-strand.jpg\" class=\"attachment-2048x2048 size-2048x2048\" alt=\"\" loading=\"lazy\" srcset=\"https:\/\/cathebakkestrom.serviceboxen.dk\/wp-content\/uploads\/2022\/04\/Hjerte-af-sten-paa-strand.jpg 398w, https:\/\/cathebakkestrom.serviceboxen.dk\/wp-content\/uploads\/2022\/04\/Hjerte-af-sten-paa-strand-300x197.jpg 300w\" sizes=\"(max-width: 398px) 100vw, 398px\" \/>\t\t\t\t\t\t\t\t\t\t\t\t\t\t\t<\/div>\n\t\t\t\t<\/div>\n\t\t\t\t\t<\/div>\n\t\t<\/div>\n\t\t\t\t\t\t\t<\/div>\n\t\t<\/section>\n\t\t\t\t\t<\/div>\n\t\t<\/div>\n\t\t\t\t\t\t\t<\/div>\n\t\t<\/section>\n\t\t\t\t\t\t\t<\/div>\n\t\t","protected":false},"excerpt":{"rendered":"<p>Parterapi At styrke sit parforhold Et liv i parforhold, med eller uden b\u00f8rn, m\u00e5ske i en sammenbragt familie, er ofte ogs\u00e5 et liv med overbelastninger, konflikter og bekymringer. I parterapi hj\u00e6lper jeg jer med at f\u00e5 fokus p\u00e5 jeres problematikker. Det g\u00f8r jeg gennem samtale, s\u00e5 I opn\u00e5r st\u00f8rre forst\u00e5else for bagvedliggende motiver og frustrationer &hellip;<\/p>\n<p class=\"read-more\"> <a class=\"\" href=\"https:\/\/cathebakkestrom.serviceboxen.dk\/index.php\/parterapi\/\"> <span class=\"screen-reader-text\">Parterapi<\/span> L\u00e6s mere &raquo;<\/a><\/p>\n","protected":false},"author":1,"featured_media":0,"parent":0,"menu_order":0,"comment_status":"closed","ping_status":"closed","template":"","meta":{"site-sidebar-layout":"no-sidebar","site-content-layout":"page-builder","ast-main-header-display":"","ast-hfb-above-header-display":"","ast-hfb-below-header-display":"","ast-hfb-mobile-header-display":"","site-post-title":"disabled","ast-breadcrumbs-content":"","ast-featured-img":"disabled","footer-sml-layout":"","theme-transparent-header-meta":"","adv-header-id-meta":"","stick-header-meta":"","header-above-stick-meta":"","header-main-stick-meta":"","header-below-stick-meta":""},"yoast_head":"<!-- This site is optimized with the Yoast SEO plugin v19.10 - https:\/\/yoast.com\/wordpress\/plugins\/seo\/ -->\n<title>Parterapi -<\/title>\n<meta name=\"robots\" content=\"index, follow, max-snippet:-1, max-image-preview:large, max-video-preview:-1\" \/>\n<link rel=\"canonical\" href=\"https:\/\/cathebakkestrom.serviceboxen.dk\/index.php\/parterapi\/\" \/>\n<meta property=\"og:locale\" content=\"da_DK\" \/>\n<meta property=\"og:type\" content=\"article\" \/>\n<meta property=\"og:title\" content=\"Parterapi -\" \/>\n<meta property=\"og:description\" content=\"Parterapi At styrke sit parforhold Et liv i parforhold, med eller uden b\u00f8rn, m\u00e5ske i en sammenbragt familie, er ofte ogs\u00e5 et liv med overbelastninger, konflikter og bekymringer. I parterapi hj\u00e6lper jeg jer med at f\u00e5 fokus p\u00e5 jeres problematikker. Det g\u00f8r jeg gennem samtale, s\u00e5 I opn\u00e5r st\u00f8rre forst\u00e5else for bagvedliggende motiver og frustrationer &hellip; Parterapi L\u00e6s mere &raquo;\" \/>\n<meta property=\"og:url\" content=\"https:\/\/cathebakkestrom.serviceboxen.dk\/index.php\/parterapi\/\" \/>\n<meta property=\"article:modified_time\" content=\"2022-11-24T12:27:53+00:00\" \/>\n<meta property=\"og:image\" content=\"https:\/\/cathebakkestrom.serviceboxen.dk\/wp-content\/uploads\/2022\/04\/Hjerte-af-sten-paa-strand.jpg\" \/>\n<meta name=\"twitter:card\" content=\"summary_large_image\" \/>\n<meta name=\"twitter:label1\" content=\"Estimeret l\u00e6setid\" \/>\n\t<meta name=\"twitter:data1\" content=\"3 minutter\" \/>\n<script type=\"application\/ld+json\" class=\"yoast-schema-graph\">{\"@context\":\"https:\/\/schema.org\",\"@graph\":[{\"@type\":\"WebPage\",\"@id\":\"https:\/\/cathebakkestrom.serviceboxen.dk\/index.php\/parterapi\/\",\"url\":\"https:\/\/cathebakkestrom.serviceboxen.dk\/index.php\/parterapi\/\",\"name\":\"Parterapi -\",\"isPartOf\":{\"@id\":\"https:\/\/cathebakkestrom.serviceboxen.dk\/#website\"},\"datePublished\":\"2022-03-29T08:51:23+00:00\",\"dateModified\":\"2022-11-24T12:27:53+00:00\",\"breadcrumb\":{\"@id\":\"https:\/\/cathebakkestrom.serviceboxen.dk\/index.php\/parterapi\/#breadcrumb\"},\"inLanguage\":\"da-DK\",\"potentialAction\":[{\"@type\":\"ReadAction\",\"target\":[\"https:\/\/cathebakkestrom.serviceboxen.dk\/index.php\/parterapi\/\"]}]},{\"@type\":\"BreadcrumbList\",\"@id\":\"https:\/\/cathebakkestrom.serviceboxen.dk\/index.php\/parterapi\/#breadcrumb\",\"itemListElement\":[{\"@type\":\"ListItem\",\"position\":1,\"name\":\"Hjem\",\"item\":\"https:\/\/cathebakkestrom.serviceboxen.dk\/\"},{\"@type\":\"ListItem\",\"position\":2,\"name\":\"Parterapi\"}]},{\"@type\":\"WebSite\",\"@id\":\"https:\/\/cathebakkestrom.serviceboxen.dk\/#website\",\"url\":\"https:\/\/cathebakkestrom.serviceboxen.dk\/\",\"name\":\"\",\"description\":\"K&aelig;rligheden er drivkraften\",\"potentialAction\":[{\"@type\":\"SearchAction\",\"target\":{\"@type\":\"EntryPoint\",\"urlTemplate\":\"https:\/\/cathebakkestrom.serviceboxen.dk\/?s={search_term_string}\"},\"query-input\":\"required name=search_term_string\"}],\"inLanguage\":\"da-DK\"}]}<\/script>\n<!-- \/ Yoast SEO plugin. -->","yoast_head_json":{"title":"Parterapi -","robots":{"index":"index","follow":"follow","max-snippet":"max-snippet:-1","max-image-preview":"max-image-preview:large","max-video-preview":"max-video-preview:-1"},"canonical":"https:\/\/cathebakkestrom.serviceboxen.dk\/index.php\/parterapi\/","og_locale":"da_DK","og_type":"article","og_title":"Parterapi -","og_description":"Parterapi At styrke sit parforhold Et liv i parforhold, med eller uden b\u00f8rn, m\u00e5ske i en sammenbragt familie, er ofte ogs\u00e5 et liv med overbelastninger, konflikter og bekymringer. I parterapi hj\u00e6lper jeg jer med at f\u00e5 fokus p\u00e5 jeres problematikker. Det g\u00f8r jeg gennem samtale, s\u00e5 I opn\u00e5r st\u00f8rre forst\u00e5else for bagvedliggende motiver og frustrationer &hellip; Parterapi L\u00e6s mere &raquo;","og_url":"https:\/\/cathebakkestrom.serviceboxen.dk\/index.php\/parterapi\/","article_modified_time":"2022-11-24T12:27:53+00:00","og_image":[{"url":"https:\/\/cathebakkestrom.serviceboxen.dk\/wp-content\/uploads\/2022\/04\/Hjerte-af-sten-paa-strand.jpg"}],"twitter_card":"summary_large_image","twitter_misc":{"Estimeret l\u00e6setid":"3 minutter"},"schema":{"@context":"https:\/\/schema.org","@graph":[{"@type":"WebPage","@id":"https:\/\/cathebakkestrom.serviceboxen.dk\/index.php\/parterapi\/","url":"https:\/\/cathebakkestrom.serviceboxen.dk\/index.php\/parterapi\/","name":"Parterapi -","isPartOf":{"@id":"https:\/\/cathebakkestrom.serviceboxen.dk\/#website"},"datePublished":"2022-03-29T08:51:23+00:00","dateModified":"2022-11-24T12:27:53+00:00","breadcrumb":{"@id":"https:\/\/cathebakkestrom.serviceboxen.dk\/index.php\/parterapi\/#breadcrumb"},"inLanguage":"da-DK","potentialAction":[{"@type":"ReadAction","target":["https:\/\/cathebakkestrom.serviceboxen.dk\/index.php\/parterapi\/"]}]},{"@type":"BreadcrumbList","@id":"https:\/\/cathebakkestrom.serviceboxen.dk\/index.php\/parterapi\/#breadcrumb","itemListElement":[{"@type":"ListItem","position":1,"name":"Hjem","item":"https:\/\/cathebakkestrom.serviceboxen.dk\/"},{"@type":"ListItem","position":2,"name":"Parterapi"}]},{"@type":"WebSite","@id":"https:\/\/cathebakkestrom.serviceboxen.dk\/#website","url":"https:\/\/cathebakkestrom.serviceboxen.dk\/","name":"","description":"K&aelig;rligheden er drivkraften","potentialAction":[{"@type":"SearchAction","target":{"@type":"EntryPoint","urlTemplate":"https:\/\/cathebakkestrom.serviceboxen.dk\/?s={search_term_string}"},"query-input":"required name=search_term_string"}],"inLanguage":"da-DK"}]}},"_links":{"self":[{"href":"https:\/\/cathebakkestrom.serviceboxen.dk\/index.php\/wp-json\/wp\/v2\/pages\/160"}],"collection":[{"href":"https:\/\/cathebakkestrom.serviceboxen.dk\/index.php\/wp-json\/wp\/v2\/pages"}],"about":[{"href":"https:\/\/cathebakkestrom.serviceboxen.dk\/index.php\/wp-json\/wp\/v2\/types\/page"}],"author":[{"embeddable":true,"href":"https:\/\/cathebakkestrom.serviceboxen.dk\/index.php\/wp-json\/wp\/v2\/users\/1"}],"replies":[{"embeddable":true,"href":"https:\/\/cathebakkestrom.serviceboxen.dk\/index.php\/wp-json\/wp\/v2\/comments?post=160"}],"version-history":[{"count":226,"href":"https:\/\/cathebakkestrom.serviceboxen.dk\/index.php\/wp-json\/wp\/v2\/pages\/160\/revisions"}],"predecessor-version":[{"id":2600,"href":"https:\/\/cathebakkestrom.serviceboxen.dk\/index.php\/wp-json\/wp\/v2\/pages\/160\/revisions\/2600"}],"wp:attachment":[{"href":"https:\/\/cathebakkestrom.serviceboxen.dk\/index.php\/wp-json\/wp\/v2\/media?parent=160"}],"curies":[{"name":"wp","href":"https:\/\/api.w.org\/{rel}","templated":true}]}}