{"id":154,"date":"2022-03-29T08:49:39","date_gmt":"2022-03-29T08:49:39","guid":{"rendered":"https:\/\/cathebakkestrom.serviceboxen.dk\/?page_id=154"},"modified":"2022-11-16T20:56:51","modified_gmt":"2022-11-16T20:56:51","slug":"individuel-terapi","status":"publish","type":"page","link":"https:\/\/cathebakkestrom.serviceboxen.dk\/index.php\/individuel-terapi\/","title":{"rendered":"Individuel terapi"},"content":{"rendered":"\t\t<div data-elementor-type=\"wp-page\" data-elementor-id=\"154\" class=\"elementor elementor-154\">\n\t\t\t\t\t\t\t\t\t<section class=\"elementor-section elementor-top-section elementor-element elementor-element-fdb3e72 elementor-section-boxed elementor-section-height-default elementor-section-height-default\" data-id=\"fdb3e72\" data-element_type=\"section\">\n\t\t\t\t\t\t<div class=\"elementor-container elementor-column-gap-default\">\n\t\t\t\t\t<div class=\"elementor-column elementor-col-100 elementor-top-column elementor-element elementor-element-33ddc7d\" data-id=\"33ddc7d\" data-element_type=\"column\">\n\t\t\t<div class=\"elementor-widget-wrap elementor-element-populated\">\n\t\t\t\t\t\t\t\t<div class=\"elementor-element elementor-element-158c7db elementor-widget elementor-widget-heading\" data-id=\"158c7db\" data-element_type=\"widget\" data-widget_type=\"heading.default\">\n\t\t\t\t<div class=\"elementor-widget-container\">\n\t\t\t<style>\/*! elementor - v3.6.0 - 21-03-2022 *\/\n.elementor-heading-title{padding:0;margin:0;line-height:1}.elementor-widget-heading .elementor-heading-title[class*=elementor-size-]>a{color:inherit;font-size:inherit;line-height:inherit}.elementor-widget-heading .elementor-heading-title.elementor-size-small{font-size:15px}.elementor-widget-heading .elementor-heading-title.elementor-size-medium{font-size:19px}.elementor-widget-heading .elementor-heading-title.elementor-size-large{font-size:29px}.elementor-widget-heading .elementor-heading-title.elementor-size-xl{font-size:39px}.elementor-widget-heading .elementor-heading-title.elementor-size-xxl{font-size:59px}<\/style><h2 class=\"elementor-heading-title elementor-size-default\">Individuel terapi<\/h2>\t\t<\/div>\n\t\t\t\t<\/div>\n\t\t\t\t\t<\/div>\n\t\t<\/div>\n\t\t\t\t\t\t\t<\/div>\n\t\t<\/section>\n\t\t\t\t<section class=\"elementor-section elementor-top-section elementor-element elementor-element-ccd91d0 elementor-section-boxed elementor-section-height-default elementor-section-height-default\" data-id=\"ccd91d0\" data-element_type=\"section\" data-settings=\"{&quot;background_background&quot;:&quot;classic&quot;}\">\n\t\t\t\t\t\t<div class=\"elementor-container elementor-column-gap-default\">\n\t\t\t\t\t<div class=\"elementor-column elementor-col-100 elementor-top-column elementor-element elementor-element-299c6d5\" data-id=\"299c6d5\" data-element_type=\"column\" data-settings=\"{&quot;background_background&quot;:&quot;classic&quot;}\">\n\t\t\t<div class=\"elementor-widget-wrap elementor-element-populated\">\n\t\t\t\t\t\t\t\t<section class=\"elementor-section elementor-inner-section elementor-element elementor-element-7d4188e elementor-section-boxed elementor-section-height-default elementor-section-height-default\" data-id=\"7d4188e\" data-element_type=\"section\" data-settings=\"{&quot;background_background&quot;:&quot;classic&quot;}\">\n\t\t\t\t\t\t<div class=\"elementor-container elementor-column-gap-default\">\n\t\t\t\t\t<div class=\"elementor-column elementor-col-50 elementor-inner-column elementor-element elementor-element-338c3b5\" data-id=\"338c3b5\" data-element_type=\"column\">\n\t\t\t<div class=\"elementor-widget-wrap elementor-element-populated\">\n\t\t\t\t\t\t\t\t<div class=\"elementor-element elementor-element-dad8d13 elementor-widget elementor-widget-text-editor\" data-id=\"dad8d13\" data-element_type=\"widget\" data-widget_type=\"text-editor.default\">\n\t\t\t\t<div class=\"elementor-widget-container\">\n\t\t\t<style>\/*! elementor - v3.6.0 - 21-03-2022 *\/\n.elementor-widget-text-editor.elementor-drop-cap-view-stacked .elementor-drop-cap{background-color:#818a91;color:#fff}.elementor-widget-text-editor.elementor-drop-cap-view-framed .elementor-drop-cap{color:#818a91;border:3px solid;background-color:transparent}.elementor-widget-text-editor:not(.elementor-drop-cap-view-default) .elementor-drop-cap{margin-top:8px}.elementor-widget-text-editor:not(.elementor-drop-cap-view-default) .elementor-drop-cap-letter{width:1em;height:1em}.elementor-widget-text-editor .elementor-drop-cap{float:left;text-align:center;line-height:1;font-size:50px}.elementor-widget-text-editor .elementor-drop-cap-letter{display:inline-block}<\/style>\t\t\t\t<p>I individuel terapi hj\u00e6lper jeg dig med at f\u00e5 fokus p\u00e5 dine udfordringer.<br>Det g\u00f8r jeg gennem samtale, s\u00e5 du opn\u00e5r st\u00f8rre selvindsigt og f\u00e5r nye handlem\u00e5der, uden at miste dig selv.<\/p><p><b>Mine specialer er:<\/b><\/p><ul><li style=\"font-weight: 400;\" aria-level=\"1\">Selvv\u00e6rdsproblematikker<\/li><li style=\"font-weight: 400;\" aria-level=\"1\">Psykisk og f\u00f8lelsesm\u00e6ssig p\u00e5virkning, udnyttelse og vold<\/li><li style=\"font-weight: 400;\" aria-level=\"1\">Tristhed, depressive tanker eller livslyst<\/li><li style=\"font-weight: 400;\" aria-level=\"1\">Sv\u00e6re familierelationer<\/li><li style=\"font-weight: 400;\" aria-level=\"1\">Stress<\/li><li style=\"font-weight: 400;\" aria-level=\"1\">Ensomhed<\/li><li style=\"font-weight: 400;\" aria-level=\"1\">Livskriser<\/li><li style=\"font-weight: 400;\" aria-level=\"1\">Skilsmisse \u2013 tab og sorg<\/li><\/ul>\t\t\t\t\t\t<\/div>\n\t\t\t\t<\/div>\n\t\t\t\t<div class=\"elementor-element elementor-element-89b94e7 elementor-widget elementor-widget-text-editor\" data-id=\"89b94e7\" data-element_type=\"widget\" data-widget_type=\"text-editor.default\">\n\t\t\t\t<div class=\"elementor-widget-container\">\n\t\t\t\t\t\t\t<p><strong>At ville sig selv<\/strong><\/p><p><span style=\"font-weight: 400;\">At finde ind til det menneske som man er, kan for mange v\u00e6re sv\u00e6rt. Tvivl og usikkerhed p\u00e5 dig selv kan fylde i egen tro p\u00e5, at man ikke har v\u00e6rdi som det menneske man er. Individuel terapi handler om DIG.<\/span><\/p><p><span style=\"font-weight: 400;\">Ud fra dit fokus vil jeg gennem samtalen hj\u00e6lpe dig i at itales\u00e6tte, m\u00e6rke ind og arbejde med de tanker, f\u00f8lelser, handlinger og h\u00e6ndelser som fylder. Dette kan ofte v\u00e6re problematisk og begr\u00e6nsende i dit liv.\u00a0<\/span><\/p><p><span style=\"font-weight: 400;\">Gennem samtalen vil jeg m\u00f8de dig med n\u00e6rv\u00e6r, respekt og indf\u00f8ling. Du vil oftest modtage anvisninger og redskaber, som kan hj\u00e6lpe dig i din proces mellem terapierne \u2013 og at skabe grobund for udvikling, genfinde din balance, samt finde ind til det menneske du er.<\/span><\/p>\t\t\t\t\t\t<\/div>\n\t\t\t\t<\/div>\n\t\t\t\t\t<\/div>\n\t\t<\/div>\n\t\t\t\t<div class=\"elementor-column elementor-col-50 elementor-inner-column elementor-element elementor-element-3adae2e\" data-id=\"3adae2e\" data-element_type=\"column\">\n\t\t\t<div class=\"elementor-widget-wrap elementor-element-populated\">\n\t\t\t\t\t\t\t\t<div class=\"elementor-element elementor-element-424b294 elementor-widget elementor-widget-image\" data-id=\"424b294\" data-element_type=\"widget\" data-widget_type=\"image.default\">\n\t\t\t\t<div class=\"elementor-widget-container\">\n\t\t\t<style>\/*! elementor - v3.6.0 - 21-03-2022 *\/\n.elementor-widget-image{text-align:center}.elementor-widget-image a{display:inline-block}.elementor-widget-image a img[src$=\".svg\"]{width:48px}.elementor-widget-image img{vertical-align:middle;display:inline-block}<\/style>\t\t\t\t\t\t\t\t\t\t\t\t<img decoding=\"async\" width=\"768\" height=\"1024\" src=\"https:\/\/cathebakkestrom.serviceboxen.dk\/wp-content\/uploads\/2022\/04\/Vand-spejl-soe-768x1024.jpg\" class=\"attachment-medium_large size-medium_large\" alt=\"\" loading=\"lazy\" srcset=\"https:\/\/cathebakkestrom.serviceboxen.dk\/wp-content\/uploads\/2022\/04\/Vand-spejl-soe-768x1024.jpg 768w, https:\/\/cathebakkestrom.serviceboxen.dk\/wp-content\/uploads\/2022\/04\/Vand-spejl-soe-225x300.jpg 225w, https:\/\/cathebakkestrom.serviceboxen.dk\/wp-content\/uploads\/2022\/04\/Vand-spejl-soe-1152x1536.jpg 1152w, https:\/\/cathebakkestrom.serviceboxen.dk\/wp-content\/uploads\/2022\/04\/Vand-spejl-soe-1536x2048.jpg 1536w, https:\/\/cathebakkestrom.serviceboxen.dk\/wp-content\/uploads\/2022\/04\/Vand-spejl-soe-scaled.jpg 1920w\" sizes=\"(max-width: 768px) 100vw, 768px\" \/>\t\t\t\t\t\t\t\t\t\t\t\t\t\t\t<\/div>\n\t\t\t\t<\/div>\n\t\t\t\t\t<\/div>\n\t\t<\/div>\n\t\t\t\t\t\t\t<\/div>\n\t\t<\/section>\n\t\t\t\t\t<\/div>\n\t\t<\/div>\n\t\t\t\t\t\t\t<\/div>\n\t\t<\/section>\n\t\t\t\t\t\t\t<\/div>\n\t\t","protected":false},"excerpt":{"rendered":"<p>Individuel terapi I individuel terapi hj\u00e6lper jeg dig med at f\u00e5 fokus p\u00e5 dine udfordringer.Det g\u00f8r jeg gennem samtale, s\u00e5 du opn\u00e5r st\u00f8rre selvindsigt og f\u00e5r nye handlem\u00e5der, uden at miste dig selv. Mine specialer er: Selvv\u00e6rdsproblematikker Psykisk og f\u00f8lelsesm\u00e6ssig p\u00e5virkning, udnyttelse og vold Tristhed, depressive tanker eller livslyst Sv\u00e6re familierelationer Stress Ensomhed Livskriser Skilsmisse &hellip;<\/p>\n<p class=\"read-more\"> <a class=\"\" href=\"https:\/\/cathebakkestrom.serviceboxen.dk\/index.php\/individuel-terapi\/\"> <span class=\"screen-reader-text\">Individuel terapi<\/span> L\u00e6s mere &raquo;<\/a><\/p>\n","protected":false},"author":1,"featured_media":0,"parent":0,"menu_order":0,"comment_status":"closed","ping_status":"closed","template":"","meta":{"site-sidebar-layout":"no-sidebar","site-content-layout":"page-builder","ast-main-header-display":"","ast-hfb-above-header-display":"","ast-hfb-below-header-display":"","ast-hfb-mobile-header-display":"","site-post-title":"disabled","ast-breadcrumbs-content":"","ast-featured-img":"disabled","footer-sml-layout":"","theme-transparent-header-meta":"","adv-header-id-meta":"","stick-header-meta":"","header-above-stick-meta":"","header-main-stick-meta":"","header-below-stick-meta":""},"yoast_head":"<!-- This site is optimized with the Yoast SEO plugin v19.10 - https:\/\/yoast.com\/wordpress\/plugins\/seo\/ -->\n<title>Individuel terapi -<\/title>\n<meta name=\"robots\" content=\"index, follow, max-snippet:-1, max-image-preview:large, max-video-preview:-1\" \/>\n<link rel=\"canonical\" href=\"https:\/\/cathebakkestrom.serviceboxen.dk\/index.php\/individuel-terapi\/\" \/>\n<meta property=\"og:locale\" content=\"da_DK\" \/>\n<meta property=\"og:type\" content=\"article\" \/>\n<meta property=\"og:title\" content=\"Individuel terapi -\" \/>\n<meta property=\"og:description\" content=\"Individuel terapi I individuel terapi hj\u00e6lper jeg dig med at f\u00e5 fokus p\u00e5 dine udfordringer.Det g\u00f8r jeg gennem samtale, s\u00e5 du opn\u00e5r st\u00f8rre selvindsigt og f\u00e5r nye handlem\u00e5der, uden at miste dig selv. Mine specialer er: Selvv\u00e6rdsproblematikker Psykisk og f\u00f8lelsesm\u00e6ssig p\u00e5virkning, udnyttelse og vold Tristhed, depressive tanker eller livslyst Sv\u00e6re familierelationer Stress Ensomhed Livskriser Skilsmisse &hellip; Individuel terapi L\u00e6s mere &raquo;\" \/>\n<meta property=\"og:url\" content=\"https:\/\/cathebakkestrom.serviceboxen.dk\/index.php\/individuel-terapi\/\" \/>\n<meta property=\"article:modified_time\" content=\"2022-11-16T20:56:51+00:00\" \/>\n<meta property=\"og:image\" content=\"https:\/\/cathebakkestrom.serviceboxen.dk\/wp-content\/uploads\/2022\/04\/Vand-spejl-soe-768x1024.jpg\" \/>\n<meta name=\"twitter:card\" content=\"summary_large_image\" \/>\n<meta name=\"twitter:label1\" content=\"Estimeret l\u00e6setid\" \/>\n\t<meta name=\"twitter:data1\" content=\"2 minutter\" \/>\n<script type=\"application\/ld+json\" class=\"yoast-schema-graph\">{\"@context\":\"https:\/\/schema.org\",\"@graph\":[{\"@type\":\"WebPage\",\"@id\":\"https:\/\/cathebakkestrom.serviceboxen.dk\/index.php\/individuel-terapi\/\",\"url\":\"https:\/\/cathebakkestrom.serviceboxen.dk\/index.php\/individuel-terapi\/\",\"name\":\"Individuel terapi -\",\"isPartOf\":{\"@id\":\"https:\/\/cathebakkestrom.serviceboxen.dk\/#website\"},\"datePublished\":\"2022-03-29T08:49:39+00:00\",\"dateModified\":\"2022-11-16T20:56:51+00:00\",\"breadcrumb\":{\"@id\":\"https:\/\/cathebakkestrom.serviceboxen.dk\/index.php\/individuel-terapi\/#breadcrumb\"},\"inLanguage\":\"da-DK\",\"potentialAction\":[{\"@type\":\"ReadAction\",\"target\":[\"https:\/\/cathebakkestrom.serviceboxen.dk\/index.php\/individuel-terapi\/\"]}]},{\"@type\":\"BreadcrumbList\",\"@id\":\"https:\/\/cathebakkestrom.serviceboxen.dk\/index.php\/individuel-terapi\/#breadcrumb\",\"itemListElement\":[{\"@type\":\"ListItem\",\"position\":1,\"name\":\"Hjem\",\"item\":\"https:\/\/cathebakkestrom.serviceboxen.dk\/\"},{\"@type\":\"ListItem\",\"position\":2,\"name\":\"Individuel terapi\"}]},{\"@type\":\"WebSite\",\"@id\":\"https:\/\/cathebakkestrom.serviceboxen.dk\/#website\",\"url\":\"https:\/\/cathebakkestrom.serviceboxen.dk\/\",\"name\":\"\",\"description\":\"K&aelig;rligheden er drivkraften\",\"potentialAction\":[{\"@type\":\"SearchAction\",\"target\":{\"@type\":\"EntryPoint\",\"urlTemplate\":\"https:\/\/cathebakkestrom.serviceboxen.dk\/?s={search_term_string}\"},\"query-input\":\"required name=search_term_string\"}],\"inLanguage\":\"da-DK\"}]}<\/script>\n<!-- \/ Yoast SEO plugin. -->","yoast_head_json":{"title":"Individuel terapi -","robots":{"index":"index","follow":"follow","max-snippet":"max-snippet:-1","max-image-preview":"max-image-preview:large","max-video-preview":"max-video-preview:-1"},"canonical":"https:\/\/cathebakkestrom.serviceboxen.dk\/index.php\/individuel-terapi\/","og_locale":"da_DK","og_type":"article","og_title":"Individuel terapi -","og_description":"Individuel terapi I individuel terapi hj\u00e6lper jeg dig med at f\u00e5 fokus p\u00e5 dine udfordringer.Det g\u00f8r jeg gennem samtale, s\u00e5 du opn\u00e5r st\u00f8rre selvindsigt og f\u00e5r nye handlem\u00e5der, uden at miste dig selv. Mine specialer er: Selvv\u00e6rdsproblematikker Psykisk og f\u00f8lelsesm\u00e6ssig p\u00e5virkning, udnyttelse og vold Tristhed, depressive tanker eller livslyst Sv\u00e6re familierelationer Stress Ensomhed Livskriser Skilsmisse &hellip; Individuel terapi L\u00e6s mere &raquo;","og_url":"https:\/\/cathebakkestrom.serviceboxen.dk\/index.php\/individuel-terapi\/","article_modified_time":"2022-11-16T20:56:51+00:00","og_image":[{"url":"https:\/\/cathebakkestrom.serviceboxen.dk\/wp-content\/uploads\/2022\/04\/Vand-spejl-soe-768x1024.jpg"}],"twitter_card":"summary_large_image","twitter_misc":{"Estimeret l\u00e6setid":"2 minutter"},"schema":{"@context":"https:\/\/schema.org","@graph":[{"@type":"WebPage","@id":"https:\/\/cathebakkestrom.serviceboxen.dk\/index.php\/individuel-terapi\/","url":"https:\/\/cathebakkestrom.serviceboxen.dk\/index.php\/individuel-terapi\/","name":"Individuel terapi -","isPartOf":{"@id":"https:\/\/cathebakkestrom.serviceboxen.dk\/#website"},"datePublished":"2022-03-29T08:49:39+00:00","dateModified":"2022-11-16T20:56:51+00:00","breadcrumb":{"@id":"https:\/\/cathebakkestrom.serviceboxen.dk\/index.php\/individuel-terapi\/#breadcrumb"},"inLanguage":"da-DK","potentialAction":[{"@type":"ReadAction","target":["https:\/\/cathebakkestrom.serviceboxen.dk\/index.php\/individuel-terapi\/"]}]},{"@type":"BreadcrumbList","@id":"https:\/\/cathebakkestrom.serviceboxen.dk\/index.php\/individuel-terapi\/#breadcrumb","itemListElement":[{"@type":"ListItem","position":1,"name":"Hjem","item":"https:\/\/cathebakkestrom.serviceboxen.dk\/"},{"@type":"ListItem","position":2,"name":"Individuel terapi"}]},{"@type":"WebSite","@id":"https:\/\/cathebakkestrom.serviceboxen.dk\/#website","url":"https:\/\/cathebakkestrom.serviceboxen.dk\/","name":"","description":"K&aelig;rligheden er drivkraften","potentialAction":[{"@type":"SearchAction","target":{"@type":"EntryPoint","urlTemplate":"https:\/\/cathebakkestrom.serviceboxen.dk\/?s={search_term_string}"},"query-input":"required name=search_term_string"}],"inLanguage":"da-DK"}]}},"_links":{"self":[{"href":"https:\/\/cathebakkestrom.serviceboxen.dk\/index.php\/wp-json\/wp\/v2\/pages\/154"}],"collection":[{"href":"https:\/\/cathebakkestrom.serviceboxen.dk\/index.php\/wp-json\/wp\/v2\/pages"}],"about":[{"href":"https:\/\/cathebakkestrom.serviceboxen.dk\/index.php\/wp-json\/wp\/v2\/types\/page"}],"author":[{"embeddable":true,"href":"https:\/\/cathebakkestrom.serviceboxen.dk\/index.php\/wp-json\/wp\/v2\/users\/1"}],"replies":[{"embeddable":true,"href":"https:\/\/cathebakkestrom.serviceboxen.dk\/index.php\/wp-json\/wp\/v2\/comments?post=154"}],"version-history":[{"count":208,"href":"https:\/\/cathebakkestrom.serviceboxen.dk\/index.php\/wp-json\/wp\/v2\/pages\/154\/revisions"}],"predecessor-version":[{"id":2317,"href":"https:\/\/cathebakkestrom.serviceboxen.dk\/index.php\/wp-json\/wp\/v2\/pages\/154\/revisions\/2317"}],"wp:attachment":[{"href":"https:\/\/cathebakkestrom.serviceboxen.dk\/index.php\/wp-json\/wp\/v2\/media?parent=154"}],"curies":[{"name":"wp","href":"https:\/\/api.w.org\/{rel}","templated":true}]}}