{"id":10,"date":"2022-03-23T08:47:19","date_gmt":"2022-03-23T08:47:19","guid":{"rendered":"https:\/\/cathebakkestrom.serviceboxen.dk\/?page_id=10"},"modified":"2022-11-24T15:19:39","modified_gmt":"2022-11-24T15:19:39","slug":"velkommen","status":"publish","type":"page","link":"https:\/\/cathebakkestrom.serviceboxen.dk\/","title":{"rendered":"Velkommen"},"content":{"rendered":"\t\t<div data-elementor-type=\"wp-page\" data-elementor-id=\"10\" class=\"elementor elementor-10\">\n\t\t\t\t\t\t\t\t\t<section class=\"elementor-section elementor-top-section elementor-element elementor-element-66ac163 elementor-section-full_width elementor-section-height-default elementor-section-height-default\" data-id=\"66ac163\" data-element_type=\"section\" data-settings=\"{&quot;background_background&quot;:&quot;classic&quot;}\">\n\t\t\t\t\t\t<div class=\"elementor-container elementor-column-gap-default\">\n\t\t\t\t\t<div class=\"elementor-column elementor-col-100 elementor-top-column elementor-element elementor-element-92e4caa\" data-id=\"92e4caa\" data-element_type=\"column\" data-settings=\"{&quot;background_background&quot;:&quot;classic&quot;}\">\n\t\t\t<div class=\"elementor-widget-wrap elementor-element-populated\">\n\t\t\t\t\t\t\t\t<div class=\"elementor-element elementor-element-5c0c55b elementor-widget elementor-widget-heading\" data-id=\"5c0c55b\" data-element_type=\"widget\" data-widget_type=\"heading.default\">\n\t\t\t\t<div class=\"elementor-widget-container\">\n\t\t\t<style>\/*! elementor - v3.6.0 - 21-03-2022 *\/\n.elementor-heading-title{padding:0;margin:0;line-height:1}.elementor-widget-heading .elementor-heading-title[class*=elementor-size-]>a{color:inherit;font-size:inherit;line-height:inherit}.elementor-widget-heading .elementor-heading-title.elementor-size-small{font-size:15px}.elementor-widget-heading .elementor-heading-title.elementor-size-medium{font-size:19px}.elementor-widget-heading .elementor-heading-title.elementor-size-large{font-size:29px}.elementor-widget-heading .elementor-heading-title.elementor-size-xl{font-size:39px}.elementor-widget-heading .elementor-heading-title.elementor-size-xxl{font-size:59px}<\/style><h2 class=\"elementor-heading-title elementor-size-default\">Tilf\u00f8j din overskrift her<\/h2>\t\t<\/div>\n\t\t\t\t<\/div>\n\t\t\t\t<div class=\"elementor-element elementor-element-6eb5d7e elementor-absolute elementor-widget elementor-widget-heading\" data-id=\"6eb5d7e\" data-element_type=\"widget\" data-settings=\"{&quot;_position&quot;:&quot;absolute&quot;}\" data-widget_type=\"heading.default\">\n\t\t\t\t<div class=\"elementor-widget-container\">\n\t\t\t<h1 class=\"elementor-heading-title elementor-size-default\">   Velkommen<\/h1>\t\t<\/div>\n\t\t\t\t<\/div>\n\t\t\t\t<section class=\"elementor-section elementor-inner-section elementor-element elementor-element-7ec5bbc elementor-section-boxed elementor-section-height-default elementor-section-height-default\" data-id=\"7ec5bbc\" data-element_type=\"section\" data-settings=\"{&quot;background_background&quot;:&quot;classic&quot;}\">\n\t\t\t\t\t\t<div class=\"elementor-container elementor-column-gap-default\">\n\t\t\t\t\t<div class=\"elementor-column elementor-col-50 elementor-inner-column elementor-element elementor-element-3e23fe2\" data-id=\"3e23fe2\" data-element_type=\"column\">\n\t\t\t<div class=\"elementor-widget-wrap elementor-element-populated\">\n\t\t\t\t\t\t\t\t<div class=\"elementor-element elementor-element-630d944 elementor-widget elementor-widget-image\" data-id=\"630d944\" data-element_type=\"widget\" data-widget_type=\"image.default\">\n\t\t\t\t<div class=\"elementor-widget-container\">\n\t\t\t<style>\/*! elementor - v3.6.0 - 21-03-2022 *\/\n.elementor-widget-image{text-align:center}.elementor-widget-image a{display:inline-block}.elementor-widget-image a img[src$=\".svg\"]{width:48px}.elementor-widget-image img{vertical-align:middle;display:inline-block}<\/style>\t\t\t\t\t\t\t\t\t\t\t\t<img decoding=\"async\" width=\"759\" height=\"1024\" src=\"https:\/\/cathebakkestrom.serviceboxen.dk\/wp-content\/uploads\/2022\/05\/IMG-2728-759x1024.jpg\" class=\"attachment-large size-large\" alt=\"\" loading=\"lazy\" srcset=\"https:\/\/cathebakkestrom.serviceboxen.dk\/wp-content\/uploads\/2022\/05\/IMG-2728-759x1024.jpg 759w, https:\/\/cathebakkestrom.serviceboxen.dk\/wp-content\/uploads\/2022\/05\/IMG-2728-222x300.jpg 222w, https:\/\/cathebakkestrom.serviceboxen.dk\/wp-content\/uploads\/2022\/05\/IMG-2728-768x1036.jpg 768w, https:\/\/cathebakkestrom.serviceboxen.dk\/wp-content\/uploads\/2022\/05\/IMG-2728.jpg 870w\" sizes=\"(max-width: 759px) 100vw, 759px\" \/>\t\t\t\t\t\t\t\t\t\t\t\t\t\t\t<\/div>\n\t\t\t\t<\/div>\n\t\t\t\t<div class=\"elementor-element elementor-element-0a2b18c elementor-widget elementor-widget-text-editor\" data-id=\"0a2b18c\" data-element_type=\"widget\" data-widget_type=\"text-editor.default\">\n\t\t\t\t<div class=\"elementor-widget-container\">\n\t\t\t<style>\/*! elementor - v3.6.0 - 21-03-2022 *\/\n.elementor-widget-text-editor.elementor-drop-cap-view-stacked .elementor-drop-cap{background-color:#818a91;color:#fff}.elementor-widget-text-editor.elementor-drop-cap-view-framed .elementor-drop-cap{color:#818a91;border:3px solid;background-color:transparent}.elementor-widget-text-editor:not(.elementor-drop-cap-view-default) .elementor-drop-cap{margin-top:8px}.elementor-widget-text-editor:not(.elementor-drop-cap-view-default) .elementor-drop-cap-letter{width:1em;height:1em}.elementor-widget-text-editor .elementor-drop-cap{float:left;text-align:center;line-height:1;font-size:50px}.elementor-widget-text-editor .elementor-drop-cap-letter{display:inline-block}<\/style>\t\t\t\t<p>Cathe Bakkestr\u00f8m &#8211; Psykoterapeut, MPF med Speciale i Par- og Familieterapi<\/p>\t\t\t\t\t\t<\/div>\n\t\t\t\t<\/div>\n\t\t\t\t\t<\/div>\n\t\t<\/div>\n\t\t\t\t<div class=\"elementor-column elementor-col-50 elementor-inner-column elementor-element elementor-element-d24a5d2\" data-id=\"d24a5d2\" data-element_type=\"column\">\n\t\t\t<div class=\"elementor-widget-wrap elementor-element-populated\">\n\t\t\t\t\t\t\t\t<div class=\"elementor-element elementor-element-77546fe elementor-widget elementor-widget-text-editor\" data-id=\"77546fe\" data-element_type=\"widget\" data-widget_type=\"text-editor.default\">\n\t\t\t\t<div class=\"elementor-widget-container\">\n\t\t\t\t\t\t\t<h3><strong>K\u00e6rlighed er drivkraften<\/strong><\/h3>\t\t\t\t\t\t<\/div>\n\t\t\t\t<\/div>\n\t\t\t\t<div class=\"elementor-element elementor-element-9e0b832 elementor-widget elementor-widget-text-editor\" data-id=\"9e0b832\" data-element_type=\"widget\" data-widget_type=\"text-editor.default\">\n\t\t\t\t<div class=\"elementor-widget-container\">\n\t\t\t\t\t\t\t<p>I terapi-sessionen vil du\/I f\u00e5 hj\u00e6lp til at f\u00e5 fokus p\u00e5 dine\/jeres udfordringer. Gennem samtalen vil du\/I opn\u00e5 st\u00f8rre forst\u00e5else for bagvedliggende motiver og frustrationer, som udspiller sig i handlingerne hos den enkelte.\u00a0<\/p><p>Det kan ofte v\u00e6re sv\u00e6rt at f\u00e5 \u00f8je p\u00e5 sine m\u00f8nstre, n\u00e5r magtesl\u00f8shed, ked-af-det-hed, frustrationer, vrede eller s\u00e5rede f\u00f8lelser fylder. Her kan handlingerne vise sig som uhensigtsm\u00e6ssig eller k\u00e6rlighedsl\u00f8s adf\u00e6rd b\u00e5de i forhold til sig selv og hinanden.<\/p>\t\t\t\t\t\t<\/div>\n\t\t\t\t<\/div>\n\t\t\t\t<div class=\"elementor-element elementor-element-d07280a elementor-widget elementor-widget-text-editor\" data-id=\"d07280a\" data-element_type=\"widget\" data-widget_type=\"text-editor.default\">\n\t\t\t\t<div class=\"elementor-widget-container\">\n\t\t\t\t\t\t\t<h4>At m\u00f8de og blive m\u00f8dt<\/h4>\t\t\t\t\t\t<\/div>\n\t\t\t\t<\/div>\n\t\t\t\t<div class=\"elementor-element elementor-element-18fd8fc elementor-widget elementor-widget-text-editor\" data-id=\"18fd8fc\" data-element_type=\"widget\" data-widget_type=\"text-editor.default\">\n\t\t\t\t<div class=\"elementor-widget-container\">\n\t\t\t\t\t\t\t<p>Kender du dig selv?&nbsp;Hvordan er din selvindsigt?<\/p>\n<p>Jo bedre du kender dig selv, jo bedre er du til at omg\u00e5s andre.&nbsp;Og dermed f\u00f8lger forst\u00e5else, rummelighed og tolerance.<\/p>\n<p>Som menneske kan du, livet igennem, v\u00e6lge at arbejde med dig selv og udvikle dig i samspil med andre. Eller du kan v\u00e6lge, at gemme dig i&nbsp;en mulig smerte, frygt, vrede eller savn.&nbsp;N\u00e5r du v\u00e6lger at \u00e5bne dit hjerte og dermed g\u00f8re dig mere f\u00f8lsom, skaber du samtidig mulighed for, at bygge bro til den andens virkelighed og dit eget indre.&nbsp;<\/p>\n<p>N\u00e5r du \u00f8nsker en forandring, skaber det mulighed for at du kan udvikle dig som menneske. Denne udvikling handler om at udfolde dit iboende potentiale, n\u00e5r du som menneske bliver set, m\u00f8dt og forst\u00e5et.&nbsp;Samtidigt kan denne udvikling hj\u00e6lpe med din forst\u00e5else af dig selv. Det handler om at finde ind til det menneske du er.<\/p>\t\t\t\t\t\t<\/div>\n\t\t\t\t<\/div>\n\t\t\t\t\t<\/div>\n\t\t<\/div>\n\t\t\t\t\t\t\t<\/div>\n\t\t<\/section>\n\t\t\t\t\t<\/div>\n\t\t<\/div>\n\t\t\t\t\t\t\t<\/div>\n\t\t<\/section>\n\t\t\t\t\t\t\t<\/div>\n\t\t","protected":false},"excerpt":{"rendered":"<p>Tilf\u00f8j din overskrift her Velkommen Cathe Bakkestr\u00f8m &#8211; Psykoterapeut, MPF med Speciale i Par- og Familieterapi K\u00e6rlighed er drivkraften I terapi-sessionen vil du\/I f\u00e5 hj\u00e6lp til at f\u00e5 fokus p\u00e5 dine\/jeres udfordringer. Gennem samtalen vil du\/I opn\u00e5 st\u00f8rre forst\u00e5else for bagvedliggende motiver og frustrationer, som udspiller sig i handlingerne hos den enkelte.\u00a0 Det kan ofte &hellip;<\/p>\n<p class=\"read-more\"> <a class=\"\" href=\"https:\/\/cathebakkestrom.serviceboxen.dk\/\"> <span class=\"screen-reader-text\">Velkommen<\/span> L\u00e6s mere &raquo;<\/a><\/p>\n","protected":false},"author":1,"featured_media":0,"parent":0,"menu_order":0,"comment_status":"closed","ping_status":"closed","template":"","meta":{"site-sidebar-layout":"no-sidebar","site-content-layout":"page-builder","ast-main-header-display":"","ast-hfb-above-header-display":"","ast-hfb-below-header-display":"","ast-hfb-mobile-header-display":"","site-post-title":"disabled","ast-breadcrumbs-content":"","ast-featured-img":"disabled","footer-sml-layout":"","theme-transparent-header-meta":"","adv-header-id-meta":"","stick-header-meta":"","header-above-stick-meta":"","header-main-stick-meta":"","header-below-stick-meta":""},"yoast_head":"<!-- This site is optimized with the Yoast SEO plugin v19.10 - https:\/\/yoast.com\/wordpress\/plugins\/seo\/ -->\n<title>Psykoterapeut Cathe Bakkestr\u00f8m<\/title>\n<meta name=\"description\" content=\"Velkommen til min praksis. Jeg hj\u00e6lper dig via samtaler, med at skabe udvikling. Kontakt mig og f\u00e5 en uforpligtende samtale.\" \/>\n<meta name=\"robots\" content=\"index, follow, max-snippet:-1, max-image-preview:large, max-video-preview:-1\" \/>\n<link rel=\"canonical\" href=\"https:\/\/cathebakkestrom.serviceboxen.dk\/\" \/>\n<meta property=\"og:locale\" content=\"da_DK\" \/>\n<meta property=\"og:type\" content=\"article\" \/>\n<meta property=\"og:title\" content=\"Psykoterapeut Cathe Bakkestr\u00f8m\" \/>\n<meta property=\"og:description\" content=\"Velkommen til min praksis. Jeg hj\u00e6lper dig via samtaler, med at skabe udvikling. Kontakt mig og f\u00e5 en uforpligtende samtale.\" \/>\n<meta property=\"og:url\" content=\"https:\/\/cathebakkestrom.serviceboxen.dk\/\" \/>\n<meta property=\"article:modified_time\" content=\"2022-11-24T15:19:39+00:00\" \/>\n<meta property=\"og:image\" content=\"https:\/\/cathebakkestrom.serviceboxen.dk\/wp-content\/uploads\/2022\/05\/IMG-2728-759x1024.jpg\" \/>\n<meta name=\"twitter:card\" content=\"summary_large_image\" \/>\n<meta name=\"twitter:label1\" content=\"Estimeret l\u00e6setid\" \/>\n\t<meta name=\"twitter:data1\" content=\"2 minutter\" \/>\n<script type=\"application\/ld+json\" class=\"yoast-schema-graph\">{\"@context\":\"https:\/\/schema.org\",\"@graph\":[{\"@type\":\"WebPage\",\"@id\":\"https:\/\/cathebakkestrom.serviceboxen.dk\/\",\"url\":\"https:\/\/cathebakkestrom.serviceboxen.dk\/\",\"name\":\"Psykoterapeut Cathe Bakkestr\u00f8m\",\"isPartOf\":{\"@id\":\"https:\/\/cathebakkestrom.serviceboxen.dk\/#website\"},\"datePublished\":\"2022-03-23T08:47:19+00:00\",\"dateModified\":\"2022-11-24T15:19:39+00:00\",\"description\":\"Velkommen til min praksis. Jeg hj\u00e6lper dig via samtaler, med at skabe udvikling. Kontakt mig og f\u00e5 en uforpligtende samtale.\",\"breadcrumb\":{\"@id\":\"https:\/\/cathebakkestrom.serviceboxen.dk\/#breadcrumb\"},\"inLanguage\":\"da-DK\",\"potentialAction\":[{\"@type\":\"ReadAction\",\"target\":[\"https:\/\/cathebakkestrom.serviceboxen.dk\/\"]}]},{\"@type\":\"BreadcrumbList\",\"@id\":\"https:\/\/cathebakkestrom.serviceboxen.dk\/#breadcrumb\",\"itemListElement\":[{\"@type\":\"ListItem\",\"position\":1,\"name\":\"Hjem\",\"item\":\"https:\/\/cathebakkestrom.serviceboxen.dk\/\"},{\"@type\":\"ListItem\",\"position\":2,\"name\":\"Velkommen\"}]},{\"@type\":\"WebSite\",\"@id\":\"https:\/\/cathebakkestrom.serviceboxen.dk\/#website\",\"url\":\"https:\/\/cathebakkestrom.serviceboxen.dk\/\",\"name\":\"\",\"description\":\"K&aelig;rligheden er drivkraften\",\"potentialAction\":[{\"@type\":\"SearchAction\",\"target\":{\"@type\":\"EntryPoint\",\"urlTemplate\":\"https:\/\/cathebakkestrom.serviceboxen.dk\/?s={search_term_string}\"},\"query-input\":\"required name=search_term_string\"}],\"inLanguage\":\"da-DK\"}]}<\/script>\n<!-- \/ Yoast SEO plugin. -->","yoast_head_json":{"title":"Psykoterapeut Cathe Bakkestr\u00f8m","description":"Velkommen til min praksis. Jeg hj\u00e6lper dig via samtaler, med at skabe udvikling. Kontakt mig og f\u00e5 en uforpligtende samtale.","robots":{"index":"index","follow":"follow","max-snippet":"max-snippet:-1","max-image-preview":"max-image-preview:large","max-video-preview":"max-video-preview:-1"},"canonical":"https:\/\/cathebakkestrom.serviceboxen.dk\/","og_locale":"da_DK","og_type":"article","og_title":"Psykoterapeut Cathe Bakkestr\u00f8m","og_description":"Velkommen til min praksis. Jeg hj\u00e6lper dig via samtaler, med at skabe udvikling. Kontakt mig og f\u00e5 en uforpligtende samtale.","og_url":"https:\/\/cathebakkestrom.serviceboxen.dk\/","article_modified_time":"2022-11-24T15:19:39+00:00","og_image":[{"url":"https:\/\/cathebakkestrom.serviceboxen.dk\/wp-content\/uploads\/2022\/05\/IMG-2728-759x1024.jpg"}],"twitter_card":"summary_large_image","twitter_misc":{"Estimeret l\u00e6setid":"2 minutter"},"schema":{"@context":"https:\/\/schema.org","@graph":[{"@type":"WebPage","@id":"https:\/\/cathebakkestrom.serviceboxen.dk\/","url":"https:\/\/cathebakkestrom.serviceboxen.dk\/","name":"Psykoterapeut Cathe Bakkestr\u00f8m","isPartOf":{"@id":"https:\/\/cathebakkestrom.serviceboxen.dk\/#website"},"datePublished":"2022-03-23T08:47:19+00:00","dateModified":"2022-11-24T15:19:39+00:00","description":"Velkommen til min praksis. Jeg hj\u00e6lper dig via samtaler, med at skabe udvikling. Kontakt mig og f\u00e5 en uforpligtende samtale.","breadcrumb":{"@id":"https:\/\/cathebakkestrom.serviceboxen.dk\/#breadcrumb"},"inLanguage":"da-DK","potentialAction":[{"@type":"ReadAction","target":["https:\/\/cathebakkestrom.serviceboxen.dk\/"]}]},{"@type":"BreadcrumbList","@id":"https:\/\/cathebakkestrom.serviceboxen.dk\/#breadcrumb","itemListElement":[{"@type":"ListItem","position":1,"name":"Hjem","item":"https:\/\/cathebakkestrom.serviceboxen.dk\/"},{"@type":"ListItem","position":2,"name":"Velkommen"}]},{"@type":"WebSite","@id":"https:\/\/cathebakkestrom.serviceboxen.dk\/#website","url":"https:\/\/cathebakkestrom.serviceboxen.dk\/","name":"","description":"K&aelig;rligheden er drivkraften","potentialAction":[{"@type":"SearchAction","target":{"@type":"EntryPoint","urlTemplate":"https:\/\/cathebakkestrom.serviceboxen.dk\/?s={search_term_string}"},"query-input":"required name=search_term_string"}],"inLanguage":"da-DK"}]}},"_links":{"self":[{"href":"https:\/\/cathebakkestrom.serviceboxen.dk\/index.php\/wp-json\/wp\/v2\/pages\/10"}],"collection":[{"href":"https:\/\/cathebakkestrom.serviceboxen.dk\/index.php\/wp-json\/wp\/v2\/pages"}],"about":[{"href":"https:\/\/cathebakkestrom.serviceboxen.dk\/index.php\/wp-json\/wp\/v2\/types\/page"}],"author":[{"embeddable":true,"href":"https:\/\/cathebakkestrom.serviceboxen.dk\/index.php\/wp-json\/wp\/v2\/users\/1"}],"replies":[{"embeddable":true,"href":"https:\/\/cathebakkestrom.serviceboxen.dk\/index.php\/wp-json\/wp\/v2\/comments?post=10"}],"version-history":[{"count":577,"href":"https:\/\/cathebakkestrom.serviceboxen.dk\/index.php\/wp-json\/wp\/v2\/pages\/10\/revisions"}],"predecessor-version":[{"id":2635,"href":"https:\/\/cathebakkestrom.serviceboxen.dk\/index.php\/wp-json\/wp\/v2\/pages\/10\/revisions\/2635"}],"wp:attachment":[{"href":"https:\/\/cathebakkestrom.serviceboxen.dk\/index.php\/wp-json\/wp\/v2\/media?parent=10"}],"curies":[{"name":"wp","href":"https:\/\/api.w.org\/{rel}","templated":true}]}}